{"id":1737,"date":"2022-01-13T15:59:36","date_gmt":"2022-01-13T15:59:36","guid":{"rendered":"https:\/\/www.inchwildfowlreserve.ie\/suiomh\/"},"modified":"2022-07-01T13:06:02","modified_gmt":"2022-07-01T13:06:02","slug":"suiomh","status":"publish","type":"page","link":"https:\/\/www.inchwildfowlreserve.ie\/ga\/suiomh\/","title":{"rendered":"Su\u00edomh"},"content":{"rendered":"\n<p>T\u00e1 Anaclann \u00c9anlaithe Fi\u00e1ine na hInse suite 12Km \u00f3 Dhoire agus 25Km \u00f3 Leitir Ceanainn, Co. Dh\u00fan na nGall.  <\/p>\n\n<h2 class=\"wp-block-heading\" id=\"map\">L\u00e9arsc\u00e1il<\/h2>\n\n<iframe title=\"L\u00e9arsc\u00e1il\" src=\"https:\/\/www.google.com\/maps\/embed?pb=!1m18!1m12!1m3!1d2285.5143622779365!2d-7.446210583931109!3d55.051724653309165!2m3!1f0!2f0!3f0!3m2!1i1024!2i768!4f13.1!3m3!1m2!1s0x485fe4f06f993e4b%3A0x60eed33b523154c0!2sInch%20Wildfowl%20Reserve!5e0!3m2!1sen!2sie!4v1642089529267!5m2!1sen!2sie\" width=\"600\" height=\"450\" style=\"border:0;\" allowfullscreen=\"\" loading=\"lazy\"><\/iframe>\n\n<h2 class=\"has-black-color has-text-color wp-block-heading\" id=\"car-parking\">P\u00e1irce\u00e1il do charranna<\/h2>\n\n<p id=\"u4340-4\">T\u00e1 3 charrchl\u00f3s ann do chuairteoir\u00ed ag Anaclann \u00c9anlaithe Fi\u00e1ine na hInse<\/p>\n\n<p id=\"u4340-7\"><strong>Farland<\/strong><\/p>\n\n<p id=\"u4340-10\">\u00d3 Leitir Ceanainn t\u00f3g an N13 le comhartha do Dhoire agus Bun Cranncha. Tiom\u00e1in thart ar 20km go dtiocfaidh t\u00fa go sr\u00e1idbhaile na Birte. Tar \u00e9is dul thar St\u00e1isi\u00fan Breosla Callaghan (Topaz) t\u00f3g an ch\u00e9ad chasadh eile ar chl\u00e9 (le comhartha d&#8217;Anaclann \u00c9anlaithe Fi\u00e1ine na hInse). T\u00e1 carrchl\u00f3s Farland suite 2km s\u00edos an b\u00f3thar seo agus sp\u00e1s oiri\u00fanach ar f\u00e1il le haghaidh p\u00e1irce\u00e1la c\u00f3ist\u00ed.<\/p>\n\n<p id=\"u4340-13\"><strong>An Teach Caid\u00e9il<\/strong><\/p>\n\n<p id=\"u4340-16\">Ag tiom\u00e1int \u00f3 Cheann an Droichid i dtreo Leitir Ceanainn, t\u00f3g an ch\u00e9ad bhealach amach ag timpeall\u00e1n beag Shrath an Url\u00e1ir agus Leitir Ceanainn. Tar \u00e9is 1.5km eile a thiom\u00e1int i dtreo na Birte, t\u00f3g an casadh ar dheis ar \u2018Bh\u00f3thar an Slaba&#8217; (le comhartha d&#8217;Anaclann \u00c9anlaithe Fi\u00e1ine na hInse). Tiom\u00e1in ar feadh 100m chomh fada le casadh g\u00e9ar ar dheis sa bh\u00f3thar agus t\u00f3g an casadh ar chl\u00e9 (le comhartha d&#8217;Anaclann \u00c9anlaithe Fi\u00e1ine na hInse).<\/p>\n\n<p id=\"u4340-20\"><strong>McGrath&#8217;s (Inis)<\/strong><\/p>\n\n<p id=\"u4340-23\">T\u00e1 carrchl\u00f3s McGrath\u2019s suite ar Inis. \u00d3 Bhun Cranncha t\u00f3g an R238 ag tiom\u00e1int \u00f3 dheas tr\u00ed shr\u00e1idbhaile Fhathna. Ag Taobh B\u00e1n t\u00f3g an casadh ar dheis a bhfuil comhartha ann d&#8217;Inis. Tar \u00e9is dul trasna chla\u00edfort na hInse t\u00f3g an casadh l\u00e1ithreach ar chl\u00e9. T\u00e1 carrchl\u00f3s Farland suite 1km s\u00edos an b\u00f3thar seo.<\/p>\n\n<p id=\"u4340-5\">\u00a0<\/p>\n","protected":false},"excerpt":{"rendered":"<p>T\u00e1 Anaclann \u00c9anlaithe Fi\u00e1ine na hInse suite 12Km \u00f3 Dhoire agus 25Km \u00f3 Leitir Ceanainn, Co. Dh\u00fan na nGall. L\u00e9arsc\u00e1il P\u00e1irce\u00e1il do charranna T\u00e1 3 charrchl\u00f3s ann do chuairteoir\u00ed ag Anaclann \u00c9anlaithe Fi\u00e1ine na hInse Farland \u00d3 Leitir Ceanainn t\u00f3g an N13 le comhartha do Dhoire agus Bun Cranncha. Tiom\u00e1in thart ar 20km go dtiocfaidh&#8230; <\/p>\n","protected":false},"author":6,"featured_media":0,"parent":0,"menu_order":0,"comment_status":"closed","ping_status":"closed","template":"no-sidebar.php","meta":{"footnotes":""},"categories":[],"tags":[],"class_list":["post-1737","page","type-page","status-publish","hentry"],"yoast_head":"<!-- This site is optimized with the Yoast SEO plugin v27.3 - https:\/\/yoast.com\/product\/yoast-seo-wordpress\/ -->\n<title>Su\u00edomh - Anaclann \u00c9anlaithe Fi\u00e1ine na hInse<\/title>\n<meta name=\"robots\" content=\"index, follow, max-snippet:-1, max-image-preview:large, max-video-preview:-1\" \/>\n<link rel=\"canonical\" href=\"https:\/\/www.inchwildfowlreserve.ie\/ga\/suiomh\/\" \/>\n<meta property=\"og:locale\" content=\"ga_IE\" \/>\n<meta property=\"og:type\" content=\"article\" \/>\n<meta property=\"og:title\" content=\"Su\u00edomh - Anaclann \u00c9anlaithe Fi\u00e1ine na hInse\" \/>\n<meta property=\"og:description\" content=\"T\u00e1 Anaclann \u00c9anlaithe Fi\u00e1ine na hInse suite 12Km \u00f3 Dhoire agus 25Km \u00f3 Leitir Ceanainn, Co. Dh\u00fan na nGall. L\u00e9arsc\u00e1il P\u00e1irce\u00e1il do charranna T\u00e1 3 charrchl\u00f3s ann do chuairteoir\u00ed ag Anaclann \u00c9anlaithe Fi\u00e1ine na hInse Farland \u00d3 Leitir Ceanainn t\u00f3g an N13 le comhartha do Dhoire agus Bun Cranncha. Tiom\u00e1in thart ar 20km go dtiocfaidh...\" \/>\n<meta property=\"og:url\" content=\"https:\/\/www.inchwildfowlreserve.ie\/ga\/suiomh\/\" \/>\n<meta property=\"og:site_name\" content=\"Anaclann \u00c9anlaithe Fi\u00e1ine na hInse\" \/>\n<meta property=\"article:modified_time\" content=\"2022-07-01T13:06:02+00:00\" \/>\n<meta name=\"twitter:card\" content=\"summary_large_image\" \/>\n<meta name=\"twitter:label1\" content=\"Est. reading time\" \/>\n\t<meta name=\"twitter:data1\" content=\"1 minute\" \/>\n<script type=\"application\/ld+json\" class=\"yoast-schema-graph\">{\"@context\":\"https:\\\/\\\/schema.org\",\"@graph\":[{\"@type\":\"WebPage\",\"@id\":\"https:\\\/\\\/www.inchwildfowlreserve.ie\\\/ga\\\/suiomh\\\/\",\"url\":\"https:\\\/\\\/www.inchwildfowlreserve.ie\\\/ga\\\/suiomh\\\/\",\"name\":\"Su\u00edomh - Anaclann \u00c9anlaithe Fi\u00e1ine na hInse\",\"isPartOf\":{\"@id\":\"https:\\\/\\\/www.inchwildfowlreserve.ie\\\/ga\\\/#website\"},\"datePublished\":\"2022-01-13T15:59:36+00:00\",\"dateModified\":\"2022-07-01T13:06:02+00:00\",\"breadcrumb\":{\"@id\":\"https:\\\/\\\/www.inchwildfowlreserve.ie\\\/ga\\\/suiomh\\\/#breadcrumb\"},\"inLanguage\":\"ga-IE\",\"potentialAction\":[{\"@type\":\"ReadAction\",\"target\":[\"https:\\\/\\\/www.inchwildfowlreserve.ie\\\/ga\\\/suiomh\\\/\"]}]},{\"@type\":\"BreadcrumbList\",\"@id\":\"https:\\\/\\\/www.inchwildfowlreserve.ie\\\/ga\\\/suiomh\\\/#breadcrumb\",\"itemListElement\":[{\"@type\":\"ListItem\",\"position\":1,\"name\":\"Home\",\"item\":\"https:\\\/\\\/www.inchwildfowlreserve.ie\\\/ga\\\/failte\\\/\"},{\"@type\":\"ListItem\",\"position\":2,\"name\":\"Su\u00edomh\"}]},{\"@type\":\"WebSite\",\"@id\":\"https:\\\/\\\/www.inchwildfowlreserve.ie\\\/ga\\\/#website\",\"url\":\"https:\\\/\\\/www.inchwildfowlreserve.ie\\\/ga\\\/\",\"name\":\"Wexford Wildfowl Reserve\",\"description\":\"\",\"publisher\":{\"@id\":\"https:\\\/\\\/www.inchwildfowlreserve.ie\\\/ga\\\/#organization\"},\"potentialAction\":[{\"@type\":\"SearchAction\",\"target\":{\"@type\":\"EntryPoint\",\"urlTemplate\":\"https:\\\/\\\/www.inchwildfowlreserve.ie\\\/ga\\\/?s={search_term_string}\"},\"query-input\":{\"@type\":\"PropertyValueSpecification\",\"valueRequired\":true,\"valueName\":\"search_term_string\"}}],\"inLanguage\":\"ga-IE\"},{\"@type\":\"Organization\",\"@id\":\"https:\\\/\\\/www.inchwildfowlreserve.ie\\\/ga\\\/#organization\",\"name\":\"Wexford Wildfowl Reserve\",\"url\":\"https:\\\/\\\/www.inchwildfowlreserve.ie\\\/ga\\\/\",\"logo\":{\"@type\":\"ImageObject\",\"inLanguage\":\"ga-IE\",\"@id\":\"https:\\\/\\\/www.inchwildfowlreserve.ie\\\/ga\\\/#\\\/schema\\\/logo\\\/image\\\/\",\"url\":\"https:\\\/\\\/www.wexfordwildfowlreserve.ie\\\/wp-content\\\/uploads\\\/2018\\\/10\\\/WWP-sized.png\",\"contentUrl\":\"https:\\\/\\\/www.wexfordwildfowlreserve.ie\\\/wp-content\\\/uploads\\\/2018\\\/10\\\/WWP-sized.png\",\"width\":404,\"height\":100,\"caption\":\"Wexford Wildfowl Reserve\"},\"image\":{\"@id\":\"https:\\\/\\\/www.inchwildfowlreserve.ie\\\/ga\\\/#\\\/schema\\\/logo\\\/image\\\/\"}}]}<\/script>\n<!-- \/ Yoast SEO plugin. -->","yoast_head_json":{"title":"Su\u00edomh - Anaclann \u00c9anlaithe Fi\u00e1ine na hInse","robots":{"index":"index","follow":"follow","max-snippet":"max-snippet:-1","max-image-preview":"max-image-preview:large","max-video-preview":"max-video-preview:-1"},"canonical":"https:\/\/www.inchwildfowlreserve.ie\/ga\/suiomh\/","og_locale":"ga_IE","og_type":"article","og_title":"Su\u00edomh - Anaclann \u00c9anlaithe Fi\u00e1ine na hInse","og_description":"T\u00e1 Anaclann \u00c9anlaithe Fi\u00e1ine na hInse suite 12Km \u00f3 Dhoire agus 25Km \u00f3 Leitir Ceanainn, Co. Dh\u00fan na nGall. L\u00e9arsc\u00e1il P\u00e1irce\u00e1il do charranna T\u00e1 3 charrchl\u00f3s ann do chuairteoir\u00ed ag Anaclann \u00c9anlaithe Fi\u00e1ine na hInse Farland \u00d3 Leitir Ceanainn t\u00f3g an N13 le comhartha do Dhoire agus Bun Cranncha. Tiom\u00e1in thart ar 20km go dtiocfaidh...","og_url":"https:\/\/www.inchwildfowlreserve.ie\/ga\/suiomh\/","og_site_name":"Anaclann \u00c9anlaithe Fi\u00e1ine na hInse","article_modified_time":"2022-07-01T13:06:02+00:00","twitter_card":"summary_large_image","twitter_misc":{"Est. reading time":"1 minute"},"schema":{"@context":"https:\/\/schema.org","@graph":[{"@type":"WebPage","@id":"https:\/\/www.inchwildfowlreserve.ie\/ga\/suiomh\/","url":"https:\/\/www.inchwildfowlreserve.ie\/ga\/suiomh\/","name":"Su\u00edomh - Anaclann \u00c9anlaithe Fi\u00e1ine na hInse","isPartOf":{"@id":"https:\/\/www.inchwildfowlreserve.ie\/ga\/#website"},"datePublished":"2022-01-13T15:59:36+00:00","dateModified":"2022-07-01T13:06:02+00:00","breadcrumb":{"@id":"https:\/\/www.inchwildfowlreserve.ie\/ga\/suiomh\/#breadcrumb"},"inLanguage":"ga-IE","potentialAction":[{"@type":"ReadAction","target":["https:\/\/www.inchwildfowlreserve.ie\/ga\/suiomh\/"]}]},{"@type":"BreadcrumbList","@id":"https:\/\/www.inchwildfowlreserve.ie\/ga\/suiomh\/#breadcrumb","itemListElement":[{"@type":"ListItem","position":1,"name":"Home","item":"https:\/\/www.inchwildfowlreserve.ie\/ga\/failte\/"},{"@type":"ListItem","position":2,"name":"Su\u00edomh"}]},{"@type":"WebSite","@id":"https:\/\/www.inchwildfowlreserve.ie\/ga\/#website","url":"https:\/\/www.inchwildfowlreserve.ie\/ga\/","name":"Wexford Wildfowl Reserve","description":"","publisher":{"@id":"https:\/\/www.inchwildfowlreserve.ie\/ga\/#organization"},"potentialAction":[{"@type":"SearchAction","target":{"@type":"EntryPoint","urlTemplate":"https:\/\/www.inchwildfowlreserve.ie\/ga\/?s={search_term_string}"},"query-input":{"@type":"PropertyValueSpecification","valueRequired":true,"valueName":"search_term_string"}}],"inLanguage":"ga-IE"},{"@type":"Organization","@id":"https:\/\/www.inchwildfowlreserve.ie\/ga\/#organization","name":"Wexford Wildfowl Reserve","url":"https:\/\/www.inchwildfowlreserve.ie\/ga\/","logo":{"@type":"ImageObject","inLanguage":"ga-IE","@id":"https:\/\/www.inchwildfowlreserve.ie\/ga\/#\/schema\/logo\/image\/","url":"https:\/\/www.wexfordwildfowlreserve.ie\/wp-content\/uploads\/2018\/10\/WWP-sized.png","contentUrl":"https:\/\/www.wexfordwildfowlreserve.ie\/wp-content\/uploads\/2018\/10\/WWP-sized.png","width":404,"height":100,"caption":"Wexford Wildfowl Reserve"},"image":{"@id":"https:\/\/www.inchwildfowlreserve.ie\/ga\/#\/schema\/logo\/image\/"}}]}},"jetpack_sharing_enabled":true,"_links":{"self":[{"href":"https:\/\/www.inchwildfowlreserve.ie\/ga\/wp-json\/wp\/v2\/pages\/1737","targetHints":{"allow":["GET"]}}],"collection":[{"href":"https:\/\/www.inchwildfowlreserve.ie\/ga\/wp-json\/wp\/v2\/pages"}],"about":[{"href":"https:\/\/www.inchwildfowlreserve.ie\/ga\/wp-json\/wp\/v2\/types\/page"}],"author":[{"embeddable":true,"href":"https:\/\/www.inchwildfowlreserve.ie\/ga\/wp-json\/wp\/v2\/users\/6"}],"replies":[{"embeddable":true,"href":"https:\/\/www.inchwildfowlreserve.ie\/ga\/wp-json\/wp\/v2\/comments?post=1737"}],"version-history":[{"count":1,"href":"https:\/\/www.inchwildfowlreserve.ie\/ga\/wp-json\/wp\/v2\/pages\/1737\/revisions"}],"predecessor-version":[{"id":1738,"href":"https:\/\/www.inchwildfowlreserve.ie\/ga\/wp-json\/wp\/v2\/pages\/1737\/revisions\/1738"}],"wp:attachment":[{"href":"https:\/\/www.inchwildfowlreserve.ie\/ga\/wp-json\/wp\/v2\/media?parent=1737"}],"wp:term":[{"taxonomy":"category","embeddable":true,"href":"https:\/\/www.inchwildfowlreserve.ie\/ga\/wp-json\/wp\/v2\/categories?post=1737"},{"taxonomy":"post_tag","embeddable":true,"href":"https:\/\/www.inchwildfowlreserve.ie\/ga\/wp-json\/wp\/v2\/tags?post=1737"}],"curies":[{"name":"wp","href":"https:\/\/api.w.org\/{rel}","templated":true}]}}