{"id":1735,"date":"2022-01-13T15:39:37","date_gmt":"2022-01-13T15:39:37","guid":{"rendered":"https:\/\/www.inchwildfowlreserve.ie\/folachan-thaobh-ban\/"},"modified":"2022-07-01T13:52:03","modified_gmt":"2022-07-01T13:52:03","slug":"folachan-thaobh-ban","status":"publish","type":"page","link":"https:\/\/www.inchwildfowlreserve.ie\/ga\/folachan-thaobh-ban\/","title":{"rendered":"Folach\u00e1n Thaobh B\u00e1n"},"content":{"rendered":"\n<div class=\"wp-block-buttons is-layout-flex wp-block-buttons-is-layout-flex\">\n<div class=\"wp-block-button\"><a class=\"wp-block-button__link\" href=\"https:\/\/www.inchwildfowlreserve.ie\/ga\/anseo-cifidh-tu-folachan-eanbhreathnoireachta-tready-as-a-bhfaighidh-tu-radhairc-ar-doigh-ar-an-loch-ag-amharc-o-thuaidh-agus-siar\/\">Ar ais<\/a><\/div>\n<\/div>\n<div class=\"wp-block-image\">\n<figure class=\"aligncenter size-full\"><img loading=\"lazy\" decoding=\"async\" width=\"421\" height=\"281\" src=\"https:\/\/www.inchwildfowlreserve.ie\/wp-content\/uploads\/2022\/01\/tooban-hide.jpg\" alt=\"Folach&#xE1;n Thaobh B&#xE1;n\" class=\"wp-image-1214\" srcset=\"https:\/\/www.inchwildfowlreserve.ie\/wp-content\/uploads\/2022\/01\/tooban-hide.jpg 421w, https:\/\/www.inchwildfowlreserve.ie\/wp-content\/uploads\/2022\/01\/tooban-hide-300x200.jpg 300w\" sizes=\"auto, (max-width: 421px) 100vw, 421px\" \/><\/figure>\n<\/div>\n<p id=\"u1701-2\">Agus t\u00fa i ndiaidh si\u00fal ar ais \u00f3 Oile\u00e1n na hInse i dtreo Thaobh B\u00e1n, bh\u00ed t\u00fa ag si\u00fal ar an seanl\u00edne Iarnr\u00f3id \u00f3 Bhun Cranncha go Doire. Ba anseo sa Taobh B\u00e1n a scoilt an l\u00edne, l\u00edne amh\u00e1in ag dul i dtreo Charn Domhnach, agus an ceann eile go Leitir Ceanainn\/Ailt an Chorr\u00e1in, \u00e1it a dtugtar Acomhal Thaobh B\u00e1n air go h\u00e1iti\u00fail.<\/p>\n\n<p id=\"u1701-5\">Oscla\u00edodh st\u00e1isi\u00fan Thaobh B\u00e1n in 1868 le haghaidh na craobhl\u00edne go dt\u00ed Ceann Farland, th\u00e1inig st\u00e1isi\u00fan Thaobh B\u00e1n sl\u00e1n ar feadh 2 bhliain \u00f3 dh\u00fanadh bhrainse Cheann Farland. Athoscla\u00edodh \u00e9 in 1883 nuair a oscla\u00edodh an l\u00edne go Leitir Ceanainn. Ba l\u00edne chaol l\u00edne Leitir Ceanainn. D&#8217;fh\u00e1g s\u00e9 seo seasamh neamhghn\u00e1ch ag an st\u00e1isi\u00fan mar go raibh l\u00edne chaol ar thaobh amh\u00e1in d&#8217;ard\u00e1n an oile\u00e1in agus gn\u00e1thl\u00edne ar an taobh eile ar feadh dh\u00e1 bhliain go dt\u00ed gur iompa\u00edodh l\u00edne Bhun Cranncha isteach ina l\u00edne chaol fosta. N\u00ed raibh bealach isteach sa st\u00e1isi\u00fan ach do choisithe ar dhroichead coise.<\/p>\n\n<p id=\"u1701-8\">Amharcann an folach\u00e1n \u00e9an ag Taobh B\u00e1n amach ar an phr\u00edomhthalamh f\u00e9araigh fhliuch agus b\u00edonn an-t\u00f3ir ag an eala ghl\u00f3racha agus an gh\u00e9 bh\u00e1n\u00e9adanach Ghraonlannach ar an \u00e1it. Is \u00e1it ar d\u00f3igh \u00ed fosta chun an pilib\u00edn p\u00f3r\u00fach\u00e1in a fheice\u00e1il i rith an tsamhraidh, agus coinnigh s\u00fail gh\u00e9ar amach do chrom\u00e1n na gcearc agus \u00ed ag fiach n\u00f3 an crom\u00e1n m\u00f3na oirthearach \u00f3 am go ch\u00e9ile.<\/p>\n\n<p id=\"u1701-3\">\u00a0<\/p>\n\n<p id=\"u1701-6\">\u00a0<\/p>\n","protected":false},"excerpt":{"rendered":"<p>Agus t\u00fa i ndiaidh si\u00fal ar ais \u00f3 Oile\u00e1n na hInse i dtreo Thaobh B\u00e1n, bh\u00ed t\u00fa ag si\u00fal ar an seanl\u00edne Iarnr\u00f3id \u00f3 Bhun Cranncha go Doire. Ba anseo sa Taobh B\u00e1n a scoilt an l\u00edne, l\u00edne amh\u00e1in ag dul i dtreo Charn Domhnach, agus an ceann eile go Leitir Ceanainn\/Ailt an Chorr\u00e1in, \u00e1it&#8230; <\/p>\n","protected":false},"author":6,"featured_media":0,"parent":0,"menu_order":0,"comment_status":"closed","ping_status":"closed","template":"no-sidebar.php","meta":{"footnotes":""},"categories":[],"tags":[],"class_list":["post-1735","page","type-page","status-publish","hentry"],"yoast_head":"<!-- This site is optimized with the Yoast SEO plugin v27.3 - https:\/\/yoast.com\/product\/yoast-seo-wordpress\/ -->\n<title>Folach\u00e1n Thaobh B\u00e1n - Anaclann \u00c9anlaithe Fi\u00e1ine na hInse<\/title>\n<meta name=\"robots\" content=\"index, follow, max-snippet:-1, max-image-preview:large, max-video-preview:-1\" \/>\n<link rel=\"canonical\" href=\"https:\/\/www.inchwildfowlreserve.ie\/ga\/folachan-thaobh-ban\/\" \/>\n<meta property=\"og:locale\" content=\"ga_IE\" \/>\n<meta property=\"og:type\" content=\"article\" \/>\n<meta property=\"og:title\" content=\"Folach\u00e1n Thaobh B\u00e1n - Anaclann \u00c9anlaithe Fi\u00e1ine na hInse\" \/>\n<meta property=\"og:description\" content=\"Agus t\u00fa i ndiaidh si\u00fal ar ais \u00f3 Oile\u00e1n na hInse i dtreo Thaobh B\u00e1n, bh\u00ed t\u00fa ag si\u00fal ar an seanl\u00edne Iarnr\u00f3id \u00f3 Bhun Cranncha go Doire. Ba anseo sa Taobh B\u00e1n a scoilt an l\u00edne, l\u00edne amh\u00e1in ag dul i dtreo Charn Domhnach, agus an ceann eile go Leitir Ceanainn\/Ailt an Chorr\u00e1in, \u00e1it...\" \/>\n<meta property=\"og:url\" content=\"https:\/\/www.inchwildfowlreserve.ie\/ga\/folachan-thaobh-ban\/\" \/>\n<meta property=\"og:site_name\" content=\"Anaclann \u00c9anlaithe Fi\u00e1ine na hInse\" \/>\n<meta property=\"article:modified_time\" content=\"2022-07-01T13:52:03+00:00\" \/>\n<meta property=\"og:image\" content=\"https:\/\/www.inchwildfowlreserve.ie\/wp-content\/uploads\/2022\/01\/tooban-hide.jpg\" \/>\n<meta name=\"twitter:card\" content=\"summary_large_image\" \/>\n<meta name=\"twitter:label1\" content=\"Est. reading time\" \/>\n\t<meta name=\"twitter:data1\" content=\"1 minute\" \/>\n<script type=\"application\/ld+json\" class=\"yoast-schema-graph\">{\"@context\":\"https:\\\/\\\/schema.org\",\"@graph\":[{\"@type\":\"WebPage\",\"@id\":\"https:\\\/\\\/www.inchwildfowlreserve.ie\\\/ga\\\/folachan-thaobh-ban\\\/\",\"url\":\"https:\\\/\\\/www.inchwildfowlreserve.ie\\\/ga\\\/folachan-thaobh-ban\\\/\",\"name\":\"Folach\u00e1n Thaobh B\u00e1n - Anaclann \u00c9anlaithe Fi\u00e1ine na hInse\",\"isPartOf\":{\"@id\":\"https:\\\/\\\/www.inchwildfowlreserve.ie\\\/ga\\\/#website\"},\"primaryImageOfPage\":{\"@id\":\"https:\\\/\\\/www.inchwildfowlreserve.ie\\\/ga\\\/folachan-thaobh-ban\\\/#primaryimage\"},\"image\":{\"@id\":\"https:\\\/\\\/www.inchwildfowlreserve.ie\\\/ga\\\/folachan-thaobh-ban\\\/#primaryimage\"},\"thumbnailUrl\":\"https:\\\/\\\/www.inchwildfowlreserve.ie\\\/wp-content\\\/uploads\\\/2022\\\/01\\\/tooban-hide.jpg\",\"datePublished\":\"2022-01-13T15:39:37+00:00\",\"dateModified\":\"2022-07-01T13:52:03+00:00\",\"breadcrumb\":{\"@id\":\"https:\\\/\\\/www.inchwildfowlreserve.ie\\\/ga\\\/folachan-thaobh-ban\\\/#breadcrumb\"},\"inLanguage\":\"ga-IE\",\"potentialAction\":[{\"@type\":\"ReadAction\",\"target\":[\"https:\\\/\\\/www.inchwildfowlreserve.ie\\\/ga\\\/folachan-thaobh-ban\\\/\"]}]},{\"@type\":\"ImageObject\",\"inLanguage\":\"ga-IE\",\"@id\":\"https:\\\/\\\/www.inchwildfowlreserve.ie\\\/ga\\\/folachan-thaobh-ban\\\/#primaryimage\",\"url\":\"https:\\\/\\\/www.inchwildfowlreserve.ie\\\/wp-content\\\/uploads\\\/2022\\\/01\\\/tooban-hide.jpg\",\"contentUrl\":\"https:\\\/\\\/www.inchwildfowlreserve.ie\\\/wp-content\\\/uploads\\\/2022\\\/01\\\/tooban-hide.jpg\"},{\"@type\":\"BreadcrumbList\",\"@id\":\"https:\\\/\\\/www.inchwildfowlreserve.ie\\\/ga\\\/folachan-thaobh-ban\\\/#breadcrumb\",\"itemListElement\":[{\"@type\":\"ListItem\",\"position\":1,\"name\":\"Home\",\"item\":\"https:\\\/\\\/www.inchwildfowlreserve.ie\\\/ga\\\/failte\\\/\"},{\"@type\":\"ListItem\",\"position\":2,\"name\":\"Folach\u00e1n Thaobh B\u00e1n\"}]},{\"@type\":\"WebSite\",\"@id\":\"https:\\\/\\\/www.inchwildfowlreserve.ie\\\/ga\\\/#website\",\"url\":\"https:\\\/\\\/www.inchwildfowlreserve.ie\\\/ga\\\/\",\"name\":\"Wexford Wildfowl Reserve\",\"description\":\"\",\"publisher\":{\"@id\":\"https:\\\/\\\/www.inchwildfowlreserve.ie\\\/ga\\\/#organization\"},\"potentialAction\":[{\"@type\":\"SearchAction\",\"target\":{\"@type\":\"EntryPoint\",\"urlTemplate\":\"https:\\\/\\\/www.inchwildfowlreserve.ie\\\/ga\\\/?s={search_term_string}\"},\"query-input\":{\"@type\":\"PropertyValueSpecification\",\"valueRequired\":true,\"valueName\":\"search_term_string\"}}],\"inLanguage\":\"ga-IE\"},{\"@type\":\"Organization\",\"@id\":\"https:\\\/\\\/www.inchwildfowlreserve.ie\\\/ga\\\/#organization\",\"name\":\"Wexford Wildfowl Reserve\",\"url\":\"https:\\\/\\\/www.inchwildfowlreserve.ie\\\/ga\\\/\",\"logo\":{\"@type\":\"ImageObject\",\"inLanguage\":\"ga-IE\",\"@id\":\"https:\\\/\\\/www.inchwildfowlreserve.ie\\\/ga\\\/#\\\/schema\\\/logo\\\/image\\\/\",\"url\":\"https:\\\/\\\/www.wexfordwildfowlreserve.ie\\\/wp-content\\\/uploads\\\/2018\\\/10\\\/WWP-sized.png\",\"contentUrl\":\"https:\\\/\\\/www.wexfordwildfowlreserve.ie\\\/wp-content\\\/uploads\\\/2018\\\/10\\\/WWP-sized.png\",\"width\":404,\"height\":100,\"caption\":\"Wexford Wildfowl Reserve\"},\"image\":{\"@id\":\"https:\\\/\\\/www.inchwildfowlreserve.ie\\\/ga\\\/#\\\/schema\\\/logo\\\/image\\\/\"}}]}<\/script>\n<!-- \/ Yoast SEO plugin. -->","yoast_head_json":{"title":"Folach\u00e1n Thaobh B\u00e1n - Anaclann \u00c9anlaithe Fi\u00e1ine na hInse","robots":{"index":"index","follow":"follow","max-snippet":"max-snippet:-1","max-image-preview":"max-image-preview:large","max-video-preview":"max-video-preview:-1"},"canonical":"https:\/\/www.inchwildfowlreserve.ie\/ga\/folachan-thaobh-ban\/","og_locale":"ga_IE","og_type":"article","og_title":"Folach\u00e1n Thaobh B\u00e1n - Anaclann \u00c9anlaithe Fi\u00e1ine na hInse","og_description":"Agus t\u00fa i ndiaidh si\u00fal ar ais \u00f3 Oile\u00e1n na hInse i dtreo Thaobh B\u00e1n, bh\u00ed t\u00fa ag si\u00fal ar an seanl\u00edne Iarnr\u00f3id \u00f3 Bhun Cranncha go Doire. Ba anseo sa Taobh B\u00e1n a scoilt an l\u00edne, l\u00edne amh\u00e1in ag dul i dtreo Charn Domhnach, agus an ceann eile go Leitir Ceanainn\/Ailt an Chorr\u00e1in, \u00e1it...","og_url":"https:\/\/www.inchwildfowlreserve.ie\/ga\/folachan-thaobh-ban\/","og_site_name":"Anaclann \u00c9anlaithe Fi\u00e1ine na hInse","article_modified_time":"2022-07-01T13:52:03+00:00","og_image":[{"url":"https:\/\/www.inchwildfowlreserve.ie\/wp-content\/uploads\/2022\/01\/tooban-hide.jpg","type":"","width":"","height":""}],"twitter_card":"summary_large_image","twitter_misc":{"Est. reading time":"1 minute"},"schema":{"@context":"https:\/\/schema.org","@graph":[{"@type":"WebPage","@id":"https:\/\/www.inchwildfowlreserve.ie\/ga\/folachan-thaobh-ban\/","url":"https:\/\/www.inchwildfowlreserve.ie\/ga\/folachan-thaobh-ban\/","name":"Folach\u00e1n Thaobh B\u00e1n - Anaclann \u00c9anlaithe Fi\u00e1ine na hInse","isPartOf":{"@id":"https:\/\/www.inchwildfowlreserve.ie\/ga\/#website"},"primaryImageOfPage":{"@id":"https:\/\/www.inchwildfowlreserve.ie\/ga\/folachan-thaobh-ban\/#primaryimage"},"image":{"@id":"https:\/\/www.inchwildfowlreserve.ie\/ga\/folachan-thaobh-ban\/#primaryimage"},"thumbnailUrl":"https:\/\/www.inchwildfowlreserve.ie\/wp-content\/uploads\/2022\/01\/tooban-hide.jpg","datePublished":"2022-01-13T15:39:37+00:00","dateModified":"2022-07-01T13:52:03+00:00","breadcrumb":{"@id":"https:\/\/www.inchwildfowlreserve.ie\/ga\/folachan-thaobh-ban\/#breadcrumb"},"inLanguage":"ga-IE","potentialAction":[{"@type":"ReadAction","target":["https:\/\/www.inchwildfowlreserve.ie\/ga\/folachan-thaobh-ban\/"]}]},{"@type":"ImageObject","inLanguage":"ga-IE","@id":"https:\/\/www.inchwildfowlreserve.ie\/ga\/folachan-thaobh-ban\/#primaryimage","url":"https:\/\/www.inchwildfowlreserve.ie\/wp-content\/uploads\/2022\/01\/tooban-hide.jpg","contentUrl":"https:\/\/www.inchwildfowlreserve.ie\/wp-content\/uploads\/2022\/01\/tooban-hide.jpg"},{"@type":"BreadcrumbList","@id":"https:\/\/www.inchwildfowlreserve.ie\/ga\/folachan-thaobh-ban\/#breadcrumb","itemListElement":[{"@type":"ListItem","position":1,"name":"Home","item":"https:\/\/www.inchwildfowlreserve.ie\/ga\/failte\/"},{"@type":"ListItem","position":2,"name":"Folach\u00e1n Thaobh B\u00e1n"}]},{"@type":"WebSite","@id":"https:\/\/www.inchwildfowlreserve.ie\/ga\/#website","url":"https:\/\/www.inchwildfowlreserve.ie\/ga\/","name":"Wexford Wildfowl Reserve","description":"","publisher":{"@id":"https:\/\/www.inchwildfowlreserve.ie\/ga\/#organization"},"potentialAction":[{"@type":"SearchAction","target":{"@type":"EntryPoint","urlTemplate":"https:\/\/www.inchwildfowlreserve.ie\/ga\/?s={search_term_string}"},"query-input":{"@type":"PropertyValueSpecification","valueRequired":true,"valueName":"search_term_string"}}],"inLanguage":"ga-IE"},{"@type":"Organization","@id":"https:\/\/www.inchwildfowlreserve.ie\/ga\/#organization","name":"Wexford Wildfowl Reserve","url":"https:\/\/www.inchwildfowlreserve.ie\/ga\/","logo":{"@type":"ImageObject","inLanguage":"ga-IE","@id":"https:\/\/www.inchwildfowlreserve.ie\/ga\/#\/schema\/logo\/image\/","url":"https:\/\/www.wexfordwildfowlreserve.ie\/wp-content\/uploads\/2018\/10\/WWP-sized.png","contentUrl":"https:\/\/www.wexfordwildfowlreserve.ie\/wp-content\/uploads\/2018\/10\/WWP-sized.png","width":404,"height":100,"caption":"Wexford Wildfowl Reserve"},"image":{"@id":"https:\/\/www.inchwildfowlreserve.ie\/ga\/#\/schema\/logo\/image\/"}}]}},"jetpack_sharing_enabled":true,"_links":{"self":[{"href":"https:\/\/www.inchwildfowlreserve.ie\/ga\/wp-json\/wp\/v2\/pages\/1735","targetHints":{"allow":["GET"]}}],"collection":[{"href":"https:\/\/www.inchwildfowlreserve.ie\/ga\/wp-json\/wp\/v2\/pages"}],"about":[{"href":"https:\/\/www.inchwildfowlreserve.ie\/ga\/wp-json\/wp\/v2\/types\/page"}],"author":[{"embeddable":true,"href":"https:\/\/www.inchwildfowlreserve.ie\/ga\/wp-json\/wp\/v2\/users\/6"}],"replies":[{"embeddable":true,"href":"https:\/\/www.inchwildfowlreserve.ie\/ga\/wp-json\/wp\/v2\/comments?post=1735"}],"version-history":[{"count":3,"href":"https:\/\/www.inchwildfowlreserve.ie\/ga\/wp-json\/wp\/v2\/pages\/1735\/revisions"}],"predecessor-version":[{"id":1758,"href":"https:\/\/www.inchwildfowlreserve.ie\/ga\/wp-json\/wp\/v2\/pages\/1735\/revisions\/1758"}],"wp:attachment":[{"href":"https:\/\/www.inchwildfowlreserve.ie\/ga\/wp-json\/wp\/v2\/media?parent=1735"}],"wp:term":[{"taxonomy":"category","embeddable":true,"href":"https:\/\/www.inchwildfowlreserve.ie\/ga\/wp-json\/wp\/v2\/categories?post=1735"},{"taxonomy":"post_tag","embeddable":true,"href":"https:\/\/www.inchwildfowlreserve.ie\/ga\/wp-json\/wp\/v2\/tags?post=1735"}],"curies":[{"name":"wp","href":"https:\/\/api.w.org\/{rel}","templated":true}]}}