{"id":1731,"date":"2022-01-13T14:58:58","date_gmt":"2022-01-13T14:58:58","guid":{"rendered":"https:\/\/www.inchwildfowlreserve.ie\/carrchlos-an-ti-chaideil\/"},"modified":"2022-07-01T13:52:04","modified_gmt":"2022-07-01T13:52:04","slug":"carrchlos-an-ti-chaideil","status":"publish","type":"page","link":"https:\/\/www.inchwildfowlreserve.ie\/ga\/carrchlos-an-ti-chaideil\/","title":{"rendered":"Carrchl\u00f3s an T\u00ed Chaid\u00e9il"},"content":{"rendered":"\n<div class=\"wp-block-buttons is-layout-flex wp-block-buttons-is-layout-flex\">\n<div class=\"wp-block-button\"><a class=\"wp-block-button__link\" href=\"https:\/\/www.inchwildfowlreserve.ie\/ga\/anseo-cifidh-tu-folachan-eanbhreathnoireachta-tready-as-a-bhfaighidh-tu-radhairc-ar-doigh-ar-an-loch-ag-amharc-o-thuaidh-agus-siar\/\">Ar ais<\/a><\/div>\n<\/div>\n<div class=\"wp-block-image\">\n<figure class=\"aligncenter size-full\"><img loading=\"lazy\" decoding=\"async\" width=\"475\" height=\"350\" src=\"https:\/\/www.inchwildfowlreserve.ie\/wp-content\/uploads\/2022\/01\/pump-house.jpg\" alt=\"G&#xE9;anna\" class=\"wp-image-1198\" srcset=\"https:\/\/www.inchwildfowlreserve.ie\/wp-content\/uploads\/2022\/01\/pump-house.jpg 475w, https:\/\/www.inchwildfowlreserve.ie\/wp-content\/uploads\/2022\/01\/pump-house-300x221.jpg 300w\" sizes=\"auto, (max-width: 475px) 100vw, 475px\" \/><\/figure>\n<\/div>\n<p id=\"u1511-2\">D\u00e1 mbeife\u00e1 i do sheasamh anseo 200 bliain \u00f3 shin bheife\u00e1 s\u00e1ite sa l\u00e1ib n\u00f3 faoi uisce Loch S\u00fail\u00ed. T\u00f3gadh an talamh feirme taobh thiar d\u00edot ar ais \u00f3n fharraige os cionn 160 bliain \u00f3 shin agus rinneadh cuid de na tailte feirme is saibhre sa t\u00edr as. Th\u00f3g oibrithe \u00f3 gach cuid d&#8217;Oirthear Dh\u00fan na nGall an cla\u00edfort ar a bhfuil t\u00fa i do sheasamh, agus is fianaise d\u00e1 gcearda\u00edocht go bhfuil an bruach f\u00f3s ina sheasamh sa l\u00e1 at\u00e1 inniu ann.<\/p>\n\n<p id=\"u1511-5\">Is \u00e1it ar d\u00f3igh \u00ed seo i s\u00e9as\u00far an gheimhridh chun \u00e9in fhi\u00e1ine a fheice\u00e1il ag eitilt isteach agus amach \u00f3n loch, \u00e9in cos\u00fail le hEala\u00ed Gl\u00f3racha agus G\u00e9anna Glasa. Coime\u00e1d s\u00fail amach ar na p\u00e1irceanna i rith an tsamhraidh agus an gheimhridh do lapair\u00ed, mar shampla an Pilib\u00edn, an Ghl\u00faineach Dhearg agus an Crotach i measc \u00e9in eile. Is \u00e1it ar d\u00f3igh \u00e9 fosta chun roinnt d\u00e1r n-\u00e9an feirme at\u00e1 faoi bhagairt mh\u00f3r agus \u00e9in f\u00e1l sceach, leith\u00e9id an Bhu\u00ed\u00f3g agus an Gealbhan Crainn a fheice\u00e1il. Sa samhradh baineann ealta gabhl\u00e1n gaoithe leas ioml\u00e1n as na cla\u00edfoirt chun iad f\u00e9in a bheath\u00fa ar ph\u00faireanna cuileog, \u00e1it ar d\u00f3igh chun a gcuid l\u00fathchleasa\u00edocht san aer a fheice\u00e1il.<\/p>\n\n<p id=\"u1511-8\">M\u00e1 shi\u00falann t\u00fa i dtreo Cheann Tready c\u00edfidh t\u00fa an teach caid\u00e9il \u201cnua\u201d a phump\u00e1lann an t-uisce \u00f3n fheirm isteach sa loch.<\/p>\n","protected":false},"excerpt":{"rendered":"<p>D\u00e1 mbeife\u00e1 i do sheasamh anseo 200 bliain \u00f3 shin bheife\u00e1 s\u00e1ite sa l\u00e1ib n\u00f3 faoi uisce Loch S\u00fail\u00ed. T\u00f3gadh an talamh feirme taobh thiar d\u00edot ar ais \u00f3n fharraige os cionn 160 bliain \u00f3 shin agus rinneadh cuid de na tailte feirme is saibhre sa t\u00edr as. Th\u00f3g oibrithe \u00f3 gach cuid d&#8217;Oirthear Dh\u00fan&#8230; <\/p>\n","protected":false},"author":6,"featured_media":0,"parent":0,"menu_order":0,"comment_status":"closed","ping_status":"closed","template":"no-sidebar.php","meta":{"footnotes":""},"categories":[],"tags":[],"class_list":["post-1731","page","type-page","status-publish","hentry"],"yoast_head":"<!-- This site is optimized with the Yoast SEO plugin v27.3 - https:\/\/yoast.com\/product\/yoast-seo-wordpress\/ -->\n<title>Carrchl\u00f3s an T\u00ed Chaid\u00e9il - Anaclann \u00c9anlaithe Fi\u00e1ine na hInse<\/title>\n<meta name=\"robots\" content=\"index, follow, max-snippet:-1, max-image-preview:large, max-video-preview:-1\" \/>\n<link rel=\"canonical\" href=\"https:\/\/www.inchwildfowlreserve.ie\/ga\/carrchlos-an-ti-chaideil\/\" \/>\n<meta property=\"og:locale\" content=\"ga_IE\" \/>\n<meta property=\"og:type\" content=\"article\" \/>\n<meta property=\"og:title\" content=\"Carrchl\u00f3s an T\u00ed Chaid\u00e9il - Anaclann \u00c9anlaithe Fi\u00e1ine na hInse\" \/>\n<meta property=\"og:description\" content=\"D\u00e1 mbeife\u00e1 i do sheasamh anseo 200 bliain \u00f3 shin bheife\u00e1 s\u00e1ite sa l\u00e1ib n\u00f3 faoi uisce Loch S\u00fail\u00ed. T\u00f3gadh an talamh feirme taobh thiar d\u00edot ar ais \u00f3n fharraige os cionn 160 bliain \u00f3 shin agus rinneadh cuid de na tailte feirme is saibhre sa t\u00edr as. Th\u00f3g oibrithe \u00f3 gach cuid d&#8217;Oirthear Dh\u00fan...\" \/>\n<meta property=\"og:url\" content=\"https:\/\/www.inchwildfowlreserve.ie\/ga\/carrchlos-an-ti-chaideil\/\" \/>\n<meta property=\"og:site_name\" content=\"Anaclann \u00c9anlaithe Fi\u00e1ine na hInse\" \/>\n<meta property=\"article:modified_time\" content=\"2022-07-01T13:52:04+00:00\" \/>\n<meta property=\"og:image\" content=\"https:\/\/www.inchwildfowlreserve.ie\/wp-content\/uploads\/2022\/01\/pump-house.jpg\" \/>\n<meta name=\"twitter:card\" content=\"summary_large_image\" \/>\n<meta name=\"twitter:label1\" content=\"Est. reading time\" \/>\n\t<meta name=\"twitter:data1\" content=\"1 minute\" \/>\n<script type=\"application\/ld+json\" class=\"yoast-schema-graph\">{\"@context\":\"https:\\\/\\\/schema.org\",\"@graph\":[{\"@type\":\"WebPage\",\"@id\":\"https:\\\/\\\/www.inchwildfowlreserve.ie\\\/ga\\\/carrchlos-an-ti-chaideil\\\/\",\"url\":\"https:\\\/\\\/www.inchwildfowlreserve.ie\\\/ga\\\/carrchlos-an-ti-chaideil\\\/\",\"name\":\"Carrchl\u00f3s an T\u00ed Chaid\u00e9il - Anaclann \u00c9anlaithe Fi\u00e1ine na hInse\",\"isPartOf\":{\"@id\":\"https:\\\/\\\/www.inchwildfowlreserve.ie\\\/ga\\\/#website\"},\"primaryImageOfPage\":{\"@id\":\"https:\\\/\\\/www.inchwildfowlreserve.ie\\\/ga\\\/carrchlos-an-ti-chaideil\\\/#primaryimage\"},\"image\":{\"@id\":\"https:\\\/\\\/www.inchwildfowlreserve.ie\\\/ga\\\/carrchlos-an-ti-chaideil\\\/#primaryimage\"},\"thumbnailUrl\":\"https:\\\/\\\/www.inchwildfowlreserve.ie\\\/wp-content\\\/uploads\\\/2022\\\/01\\\/pump-house.jpg\",\"datePublished\":\"2022-01-13T14:58:58+00:00\",\"dateModified\":\"2022-07-01T13:52:04+00:00\",\"breadcrumb\":{\"@id\":\"https:\\\/\\\/www.inchwildfowlreserve.ie\\\/ga\\\/carrchlos-an-ti-chaideil\\\/#breadcrumb\"},\"inLanguage\":\"ga-IE\",\"potentialAction\":[{\"@type\":\"ReadAction\",\"target\":[\"https:\\\/\\\/www.inchwildfowlreserve.ie\\\/ga\\\/carrchlos-an-ti-chaideil\\\/\"]}]},{\"@type\":\"ImageObject\",\"inLanguage\":\"ga-IE\",\"@id\":\"https:\\\/\\\/www.inchwildfowlreserve.ie\\\/ga\\\/carrchlos-an-ti-chaideil\\\/#primaryimage\",\"url\":\"https:\\\/\\\/www.inchwildfowlreserve.ie\\\/wp-content\\\/uploads\\\/2022\\\/01\\\/pump-house.jpg\",\"contentUrl\":\"https:\\\/\\\/www.inchwildfowlreserve.ie\\\/wp-content\\\/uploads\\\/2022\\\/01\\\/pump-house.jpg\"},{\"@type\":\"BreadcrumbList\",\"@id\":\"https:\\\/\\\/www.inchwildfowlreserve.ie\\\/ga\\\/carrchlos-an-ti-chaideil\\\/#breadcrumb\",\"itemListElement\":[{\"@type\":\"ListItem\",\"position\":1,\"name\":\"Home\",\"item\":\"https:\\\/\\\/www.inchwildfowlreserve.ie\\\/ga\\\/failte\\\/\"},{\"@type\":\"ListItem\",\"position\":2,\"name\":\"Carrchl\u00f3s an T\u00ed Chaid\u00e9il\"}]},{\"@type\":\"WebSite\",\"@id\":\"https:\\\/\\\/www.inchwildfowlreserve.ie\\\/ga\\\/#website\",\"url\":\"https:\\\/\\\/www.inchwildfowlreserve.ie\\\/ga\\\/\",\"name\":\"Wexford Wildfowl Reserve\",\"description\":\"\",\"publisher\":{\"@id\":\"https:\\\/\\\/www.inchwildfowlreserve.ie\\\/ga\\\/#organization\"},\"potentialAction\":[{\"@type\":\"SearchAction\",\"target\":{\"@type\":\"EntryPoint\",\"urlTemplate\":\"https:\\\/\\\/www.inchwildfowlreserve.ie\\\/ga\\\/?s={search_term_string}\"},\"query-input\":{\"@type\":\"PropertyValueSpecification\",\"valueRequired\":true,\"valueName\":\"search_term_string\"}}],\"inLanguage\":\"ga-IE\"},{\"@type\":\"Organization\",\"@id\":\"https:\\\/\\\/www.inchwildfowlreserve.ie\\\/ga\\\/#organization\",\"name\":\"Wexford Wildfowl Reserve\",\"url\":\"https:\\\/\\\/www.inchwildfowlreserve.ie\\\/ga\\\/\",\"logo\":{\"@type\":\"ImageObject\",\"inLanguage\":\"ga-IE\",\"@id\":\"https:\\\/\\\/www.inchwildfowlreserve.ie\\\/ga\\\/#\\\/schema\\\/logo\\\/image\\\/\",\"url\":\"https:\\\/\\\/www.wexfordwildfowlreserve.ie\\\/wp-content\\\/uploads\\\/2018\\\/10\\\/WWP-sized.png\",\"contentUrl\":\"https:\\\/\\\/www.wexfordwildfowlreserve.ie\\\/wp-content\\\/uploads\\\/2018\\\/10\\\/WWP-sized.png\",\"width\":404,\"height\":100,\"caption\":\"Wexford Wildfowl Reserve\"},\"image\":{\"@id\":\"https:\\\/\\\/www.inchwildfowlreserve.ie\\\/ga\\\/#\\\/schema\\\/logo\\\/image\\\/\"}}]}<\/script>\n<!-- \/ Yoast SEO plugin. -->","yoast_head_json":{"title":"Carrchl\u00f3s an T\u00ed Chaid\u00e9il - Anaclann \u00c9anlaithe Fi\u00e1ine na hInse","robots":{"index":"index","follow":"follow","max-snippet":"max-snippet:-1","max-image-preview":"max-image-preview:large","max-video-preview":"max-video-preview:-1"},"canonical":"https:\/\/www.inchwildfowlreserve.ie\/ga\/carrchlos-an-ti-chaideil\/","og_locale":"ga_IE","og_type":"article","og_title":"Carrchl\u00f3s an T\u00ed Chaid\u00e9il - Anaclann \u00c9anlaithe Fi\u00e1ine na hInse","og_description":"D\u00e1 mbeife\u00e1 i do sheasamh anseo 200 bliain \u00f3 shin bheife\u00e1 s\u00e1ite sa l\u00e1ib n\u00f3 faoi uisce Loch S\u00fail\u00ed. T\u00f3gadh an talamh feirme taobh thiar d\u00edot ar ais \u00f3n fharraige os cionn 160 bliain \u00f3 shin agus rinneadh cuid de na tailte feirme is saibhre sa t\u00edr as. Th\u00f3g oibrithe \u00f3 gach cuid d&#8217;Oirthear Dh\u00fan...","og_url":"https:\/\/www.inchwildfowlreserve.ie\/ga\/carrchlos-an-ti-chaideil\/","og_site_name":"Anaclann \u00c9anlaithe Fi\u00e1ine na hInse","article_modified_time":"2022-07-01T13:52:04+00:00","og_image":[{"url":"https:\/\/www.inchwildfowlreserve.ie\/wp-content\/uploads\/2022\/01\/pump-house.jpg","type":"","width":"","height":""}],"twitter_card":"summary_large_image","twitter_misc":{"Est. reading time":"1 minute"},"schema":{"@context":"https:\/\/schema.org","@graph":[{"@type":"WebPage","@id":"https:\/\/www.inchwildfowlreserve.ie\/ga\/carrchlos-an-ti-chaideil\/","url":"https:\/\/www.inchwildfowlreserve.ie\/ga\/carrchlos-an-ti-chaideil\/","name":"Carrchl\u00f3s an T\u00ed Chaid\u00e9il - Anaclann \u00c9anlaithe Fi\u00e1ine na hInse","isPartOf":{"@id":"https:\/\/www.inchwildfowlreserve.ie\/ga\/#website"},"primaryImageOfPage":{"@id":"https:\/\/www.inchwildfowlreserve.ie\/ga\/carrchlos-an-ti-chaideil\/#primaryimage"},"image":{"@id":"https:\/\/www.inchwildfowlreserve.ie\/ga\/carrchlos-an-ti-chaideil\/#primaryimage"},"thumbnailUrl":"https:\/\/www.inchwildfowlreserve.ie\/wp-content\/uploads\/2022\/01\/pump-house.jpg","datePublished":"2022-01-13T14:58:58+00:00","dateModified":"2022-07-01T13:52:04+00:00","breadcrumb":{"@id":"https:\/\/www.inchwildfowlreserve.ie\/ga\/carrchlos-an-ti-chaideil\/#breadcrumb"},"inLanguage":"ga-IE","potentialAction":[{"@type":"ReadAction","target":["https:\/\/www.inchwildfowlreserve.ie\/ga\/carrchlos-an-ti-chaideil\/"]}]},{"@type":"ImageObject","inLanguage":"ga-IE","@id":"https:\/\/www.inchwildfowlreserve.ie\/ga\/carrchlos-an-ti-chaideil\/#primaryimage","url":"https:\/\/www.inchwildfowlreserve.ie\/wp-content\/uploads\/2022\/01\/pump-house.jpg","contentUrl":"https:\/\/www.inchwildfowlreserve.ie\/wp-content\/uploads\/2022\/01\/pump-house.jpg"},{"@type":"BreadcrumbList","@id":"https:\/\/www.inchwildfowlreserve.ie\/ga\/carrchlos-an-ti-chaideil\/#breadcrumb","itemListElement":[{"@type":"ListItem","position":1,"name":"Home","item":"https:\/\/www.inchwildfowlreserve.ie\/ga\/failte\/"},{"@type":"ListItem","position":2,"name":"Carrchl\u00f3s an T\u00ed Chaid\u00e9il"}]},{"@type":"WebSite","@id":"https:\/\/www.inchwildfowlreserve.ie\/ga\/#website","url":"https:\/\/www.inchwildfowlreserve.ie\/ga\/","name":"Wexford Wildfowl Reserve","description":"","publisher":{"@id":"https:\/\/www.inchwildfowlreserve.ie\/ga\/#organization"},"potentialAction":[{"@type":"SearchAction","target":{"@type":"EntryPoint","urlTemplate":"https:\/\/www.inchwildfowlreserve.ie\/ga\/?s={search_term_string}"},"query-input":{"@type":"PropertyValueSpecification","valueRequired":true,"valueName":"search_term_string"}}],"inLanguage":"ga-IE"},{"@type":"Organization","@id":"https:\/\/www.inchwildfowlreserve.ie\/ga\/#organization","name":"Wexford Wildfowl Reserve","url":"https:\/\/www.inchwildfowlreserve.ie\/ga\/","logo":{"@type":"ImageObject","inLanguage":"ga-IE","@id":"https:\/\/www.inchwildfowlreserve.ie\/ga\/#\/schema\/logo\/image\/","url":"https:\/\/www.wexfordwildfowlreserve.ie\/wp-content\/uploads\/2018\/10\/WWP-sized.png","contentUrl":"https:\/\/www.wexfordwildfowlreserve.ie\/wp-content\/uploads\/2018\/10\/WWP-sized.png","width":404,"height":100,"caption":"Wexford Wildfowl Reserve"},"image":{"@id":"https:\/\/www.inchwildfowlreserve.ie\/ga\/#\/schema\/logo\/image\/"}}]}},"jetpack_sharing_enabled":true,"_links":{"self":[{"href":"https:\/\/www.inchwildfowlreserve.ie\/ga\/wp-json\/wp\/v2\/pages\/1731","targetHints":{"allow":["GET"]}}],"collection":[{"href":"https:\/\/www.inchwildfowlreserve.ie\/ga\/wp-json\/wp\/v2\/pages"}],"about":[{"href":"https:\/\/www.inchwildfowlreserve.ie\/ga\/wp-json\/wp\/v2\/types\/page"}],"author":[{"embeddable":true,"href":"https:\/\/www.inchwildfowlreserve.ie\/ga\/wp-json\/wp\/v2\/users\/6"}],"replies":[{"embeddable":true,"href":"https:\/\/www.inchwildfowlreserve.ie\/ga\/wp-json\/wp\/v2\/comments?post=1731"}],"version-history":[{"count":3,"href":"https:\/\/www.inchwildfowlreserve.ie\/ga\/wp-json\/wp\/v2\/pages\/1731\/revisions"}],"predecessor-version":[{"id":1762,"href":"https:\/\/www.inchwildfowlreserve.ie\/ga\/wp-json\/wp\/v2\/pages\/1731\/revisions\/1762"}],"wp:attachment":[{"href":"https:\/\/www.inchwildfowlreserve.ie\/ga\/wp-json\/wp\/v2\/media?parent=1731"}],"wp:term":[{"taxonomy":"category","embeddable":true,"href":"https:\/\/www.inchwildfowlreserve.ie\/ga\/wp-json\/wp\/v2\/categories?post=1731"},{"taxonomy":"post_tag","embeddable":true,"href":"https:\/\/www.inchwildfowlreserve.ie\/ga\/wp-json\/wp\/v2\/tags?post=1731"}],"curies":[{"name":"wp","href":"https:\/\/api.w.org\/{rel}","templated":true}]}}