{"id":1723,"date":"2022-01-13T15:33:11","date_gmt":"2022-01-13T15:33:11","guid":{"rendered":"https:\/\/www.inchwildfowlreserve.ie\/mcgraths\/"},"modified":"2022-07-01T13:52:03","modified_gmt":"2022-07-01T13:52:03","slug":"mcgraths","status":"publish","type":"page","link":"https:\/\/www.inchwildfowlreserve.ie\/ga\/mcgraths\/","title":{"rendered":"McGrath&#8217;s"},"content":{"rendered":"\n<div class=\"wp-block-buttons is-layout-flex wp-block-buttons-is-layout-flex\">\n<div class=\"wp-block-button\"><a class=\"wp-block-button__link\" href=\"https:\/\/www.inchwildfowlreserve.ie\/ga\/anseo-cifidh-tu-folachan-eanbhreathnoireachta-tready-as-a-bhfaighidh-tu-radhairc-ar-doigh-ar-an-loch-ag-amharc-o-thuaidh-agus-siar\/\">Ar ais<\/a><\/div>\n<\/div>\n<div class=\"wp-block-image\">\n<figure class=\"aligncenter size-full\"><img loading=\"lazy\" decoding=\"async\" width=\"475\" height=\"350\" src=\"https:\/\/www.inchwildfowlreserve.ie\/wp-content\/uploads\/2022\/01\/mc-graths-car-park.jpg\" alt=\"Carrchl&#xF3;s McGrath&#x2019;s\" class=\"wp-image-1196\" srcset=\"https:\/\/www.inchwildfowlreserve.ie\/wp-content\/uploads\/2022\/01\/mc-graths-car-park.jpg 475w, https:\/\/www.inchwildfowlreserve.ie\/wp-content\/uploads\/2022\/01\/mc-graths-car-park-300x221.jpg 300w\" sizes=\"auto, (max-width: 475px) 100vw, 475px\" \/><\/figure>\n<\/div>\n<p id=\"u1623-2\">Tugtar McGraths go h\u00e1iti\u00fail ar an cheantar seo, ainm at\u00e1 coitianta go h\u00e1iti\u00fail. \u00c1it ghn\u00f3thach \u00ed an chuid seo den oile\u00e1n leis na c\u00e9adta n\u00f3 fi\u00fa na m\u00edlte bliain, \u00e1it ar th\u00e1inig an seanbh\u00f3thar poibl\u00ed ar an oile\u00e1n. Is f\u00e9idir na marcanna a l\u00e9ir\u00edonn an seanbh\u00f3thar ag dul trasna an locha a fheice\u00e1il go soil\u00e9ir inniu.<\/p>\n\n<p id=\"u1623-5\">Is \u00e1it iontach \u00ed seo chun cladach an locha a fheice\u00e1il, \u00e1it a dtugtar \u201can pointe fada\u201d uirthi go h\u00e1iti\u00fail agus cuireann na huisc\u00ed tana\u00ed at\u00e1 gar d\u00f3 tearmann fosc\u00fail ar f\u00e1il d&#8217;\u00e9ags\u00falacht lapair\u00ed sa samhradh agus sa gheimhreadh. D\u00e9antar an talamh f\u00e9araigh anseo \u00e1 bhainisti\u00fa tr\u00edna innilt, an f\u00e9ar a bhaint agus smacht a choinne\u00e1il ar luachra, rud a fh\u00e1gann go bhfuil gn\u00e1th\u00f3g den scoth ann don Ghl\u00faineach Dhearg, don Philib\u00edn, don Naoscach agus don Bhreac\u00f3g agus iad ag p\u00f3r\u00fa. Is innilteoir\u00ed rialta iad G\u00e9anna agus Eala\u00ed anseo i rith na bliana.<\/p>\n\n<p id=\"u1623-8\">Coinnigh do sh\u00faile agus do chluasa ar oscailt agus t\u00fa ag si\u00fal le cladach Oile\u00e1n Inse i dtreo Cheann an Chla\u00edfoirt.<\/p>\n\n<p id=\"u1623-3\">\u00a0<\/p>\n\n<p id=\"u1623-6\">\u00a0<\/p>\n","protected":false},"excerpt":{"rendered":"<p>Tugtar McGraths go h\u00e1iti\u00fail ar an cheantar seo, ainm at\u00e1 coitianta go h\u00e1iti\u00fail. \u00c1it ghn\u00f3thach \u00ed an chuid seo den oile\u00e1n leis na c\u00e9adta n\u00f3 fi\u00fa na m\u00edlte bliain, \u00e1it ar th\u00e1inig an seanbh\u00f3thar poibl\u00ed ar an oile\u00e1n. Is f\u00e9idir na marcanna a l\u00e9ir\u00edonn an seanbh\u00f3thar ag dul trasna an locha a fheice\u00e1il go soil\u00e9ir&#8230; <\/p>\n","protected":false},"author":6,"featured_media":0,"parent":0,"menu_order":0,"comment_status":"closed","ping_status":"closed","template":"no-sidebar.php","meta":{"footnotes":""},"categories":[],"tags":[],"class_list":["post-1723","page","type-page","status-publish","hentry"],"yoast_head":"<!-- This site is optimized with the Yoast SEO plugin v27.3 - https:\/\/yoast.com\/product\/yoast-seo-wordpress\/ -->\n<title>McGrath&#039;s - Anaclann \u00c9anlaithe Fi\u00e1ine na hInse<\/title>\n<meta name=\"robots\" content=\"index, follow, max-snippet:-1, max-image-preview:large, max-video-preview:-1\" \/>\n<link rel=\"canonical\" href=\"https:\/\/www.inchwildfowlreserve.ie\/ga\/mcgraths\/\" \/>\n<meta property=\"og:locale\" content=\"ga_IE\" \/>\n<meta property=\"og:type\" content=\"article\" \/>\n<meta property=\"og:title\" content=\"McGrath&#039;s - Anaclann \u00c9anlaithe Fi\u00e1ine na hInse\" \/>\n<meta property=\"og:description\" content=\"Tugtar McGraths go h\u00e1iti\u00fail ar an cheantar seo, ainm at\u00e1 coitianta go h\u00e1iti\u00fail. \u00c1it ghn\u00f3thach \u00ed an chuid seo den oile\u00e1n leis na c\u00e9adta n\u00f3 fi\u00fa na m\u00edlte bliain, \u00e1it ar th\u00e1inig an seanbh\u00f3thar poibl\u00ed ar an oile\u00e1n. Is f\u00e9idir na marcanna a l\u00e9ir\u00edonn an seanbh\u00f3thar ag dul trasna an locha a fheice\u00e1il go soil\u00e9ir...\" \/>\n<meta property=\"og:url\" content=\"https:\/\/www.inchwildfowlreserve.ie\/ga\/mcgraths\/\" \/>\n<meta property=\"og:site_name\" content=\"Anaclann \u00c9anlaithe Fi\u00e1ine na hInse\" \/>\n<meta property=\"article:modified_time\" content=\"2022-07-01T13:52:03+00:00\" \/>\n<meta property=\"og:image\" content=\"https:\/\/www.inchwildfowlreserve.ie\/wp-content\/uploads\/2022\/01\/mc-graths-car-park.jpg\" \/>\n<meta name=\"twitter:card\" content=\"summary_large_image\" \/>\n<meta name=\"twitter:label1\" content=\"Est. reading time\" \/>\n\t<meta name=\"twitter:data1\" content=\"1 minute\" \/>\n<script type=\"application\/ld+json\" class=\"yoast-schema-graph\">{\"@context\":\"https:\\\/\\\/schema.org\",\"@graph\":[{\"@type\":\"WebPage\",\"@id\":\"https:\\\/\\\/www.inchwildfowlreserve.ie\\\/ga\\\/mcgraths\\\/\",\"url\":\"https:\\\/\\\/www.inchwildfowlreserve.ie\\\/ga\\\/mcgraths\\\/\",\"name\":\"McGrath's - Anaclann \u00c9anlaithe Fi\u00e1ine na hInse\",\"isPartOf\":{\"@id\":\"https:\\\/\\\/www.inchwildfowlreserve.ie\\\/ga\\\/#website\"},\"primaryImageOfPage\":{\"@id\":\"https:\\\/\\\/www.inchwildfowlreserve.ie\\\/ga\\\/mcgraths\\\/#primaryimage\"},\"image\":{\"@id\":\"https:\\\/\\\/www.inchwildfowlreserve.ie\\\/ga\\\/mcgraths\\\/#primaryimage\"},\"thumbnailUrl\":\"https:\\\/\\\/www.inchwildfowlreserve.ie\\\/wp-content\\\/uploads\\\/2022\\\/01\\\/mc-graths-car-park.jpg\",\"datePublished\":\"2022-01-13T15:33:11+00:00\",\"dateModified\":\"2022-07-01T13:52:03+00:00\",\"breadcrumb\":{\"@id\":\"https:\\\/\\\/www.inchwildfowlreserve.ie\\\/ga\\\/mcgraths\\\/#breadcrumb\"},\"inLanguage\":\"ga-IE\",\"potentialAction\":[{\"@type\":\"ReadAction\",\"target\":[\"https:\\\/\\\/www.inchwildfowlreserve.ie\\\/ga\\\/mcgraths\\\/\"]}]},{\"@type\":\"ImageObject\",\"inLanguage\":\"ga-IE\",\"@id\":\"https:\\\/\\\/www.inchwildfowlreserve.ie\\\/ga\\\/mcgraths\\\/#primaryimage\",\"url\":\"https:\\\/\\\/www.inchwildfowlreserve.ie\\\/wp-content\\\/uploads\\\/2022\\\/01\\\/mc-graths-car-park.jpg\",\"contentUrl\":\"https:\\\/\\\/www.inchwildfowlreserve.ie\\\/wp-content\\\/uploads\\\/2022\\\/01\\\/mc-graths-car-park.jpg\"},{\"@type\":\"BreadcrumbList\",\"@id\":\"https:\\\/\\\/www.inchwildfowlreserve.ie\\\/ga\\\/mcgraths\\\/#breadcrumb\",\"itemListElement\":[{\"@type\":\"ListItem\",\"position\":1,\"name\":\"Home\",\"item\":\"https:\\\/\\\/www.inchwildfowlreserve.ie\\\/ga\\\/failte\\\/\"},{\"@type\":\"ListItem\",\"position\":2,\"name\":\"McGrath&#8217;s\"}]},{\"@type\":\"WebSite\",\"@id\":\"https:\\\/\\\/www.inchwildfowlreserve.ie\\\/ga\\\/#website\",\"url\":\"https:\\\/\\\/www.inchwildfowlreserve.ie\\\/ga\\\/\",\"name\":\"Wexford Wildfowl Reserve\",\"description\":\"\",\"publisher\":{\"@id\":\"https:\\\/\\\/www.inchwildfowlreserve.ie\\\/ga\\\/#organization\"},\"potentialAction\":[{\"@type\":\"SearchAction\",\"target\":{\"@type\":\"EntryPoint\",\"urlTemplate\":\"https:\\\/\\\/www.inchwildfowlreserve.ie\\\/ga\\\/?s={search_term_string}\"},\"query-input\":{\"@type\":\"PropertyValueSpecification\",\"valueRequired\":true,\"valueName\":\"search_term_string\"}}],\"inLanguage\":\"ga-IE\"},{\"@type\":\"Organization\",\"@id\":\"https:\\\/\\\/www.inchwildfowlreserve.ie\\\/ga\\\/#organization\",\"name\":\"Wexford Wildfowl Reserve\",\"url\":\"https:\\\/\\\/www.inchwildfowlreserve.ie\\\/ga\\\/\",\"logo\":{\"@type\":\"ImageObject\",\"inLanguage\":\"ga-IE\",\"@id\":\"https:\\\/\\\/www.inchwildfowlreserve.ie\\\/ga\\\/#\\\/schema\\\/logo\\\/image\\\/\",\"url\":\"https:\\\/\\\/www.wexfordwildfowlreserve.ie\\\/wp-content\\\/uploads\\\/2018\\\/10\\\/WWP-sized.png\",\"contentUrl\":\"https:\\\/\\\/www.wexfordwildfowlreserve.ie\\\/wp-content\\\/uploads\\\/2018\\\/10\\\/WWP-sized.png\",\"width\":404,\"height\":100,\"caption\":\"Wexford Wildfowl Reserve\"},\"image\":{\"@id\":\"https:\\\/\\\/www.inchwildfowlreserve.ie\\\/ga\\\/#\\\/schema\\\/logo\\\/image\\\/\"}}]}<\/script>\n<!-- \/ Yoast SEO plugin. -->","yoast_head_json":{"title":"McGrath's - Anaclann \u00c9anlaithe Fi\u00e1ine na hInse","robots":{"index":"index","follow":"follow","max-snippet":"max-snippet:-1","max-image-preview":"max-image-preview:large","max-video-preview":"max-video-preview:-1"},"canonical":"https:\/\/www.inchwildfowlreserve.ie\/ga\/mcgraths\/","og_locale":"ga_IE","og_type":"article","og_title":"McGrath's - Anaclann \u00c9anlaithe Fi\u00e1ine na hInse","og_description":"Tugtar McGraths go h\u00e1iti\u00fail ar an cheantar seo, ainm at\u00e1 coitianta go h\u00e1iti\u00fail. \u00c1it ghn\u00f3thach \u00ed an chuid seo den oile\u00e1n leis na c\u00e9adta n\u00f3 fi\u00fa na m\u00edlte bliain, \u00e1it ar th\u00e1inig an seanbh\u00f3thar poibl\u00ed ar an oile\u00e1n. Is f\u00e9idir na marcanna a l\u00e9ir\u00edonn an seanbh\u00f3thar ag dul trasna an locha a fheice\u00e1il go soil\u00e9ir...","og_url":"https:\/\/www.inchwildfowlreserve.ie\/ga\/mcgraths\/","og_site_name":"Anaclann \u00c9anlaithe Fi\u00e1ine na hInse","article_modified_time":"2022-07-01T13:52:03+00:00","og_image":[{"url":"https:\/\/www.inchwildfowlreserve.ie\/wp-content\/uploads\/2022\/01\/mc-graths-car-park.jpg","type":"","width":"","height":""}],"twitter_card":"summary_large_image","twitter_misc":{"Est. reading time":"1 minute"},"schema":{"@context":"https:\/\/schema.org","@graph":[{"@type":"WebPage","@id":"https:\/\/www.inchwildfowlreserve.ie\/ga\/mcgraths\/","url":"https:\/\/www.inchwildfowlreserve.ie\/ga\/mcgraths\/","name":"McGrath's - Anaclann \u00c9anlaithe Fi\u00e1ine na hInse","isPartOf":{"@id":"https:\/\/www.inchwildfowlreserve.ie\/ga\/#website"},"primaryImageOfPage":{"@id":"https:\/\/www.inchwildfowlreserve.ie\/ga\/mcgraths\/#primaryimage"},"image":{"@id":"https:\/\/www.inchwildfowlreserve.ie\/ga\/mcgraths\/#primaryimage"},"thumbnailUrl":"https:\/\/www.inchwildfowlreserve.ie\/wp-content\/uploads\/2022\/01\/mc-graths-car-park.jpg","datePublished":"2022-01-13T15:33:11+00:00","dateModified":"2022-07-01T13:52:03+00:00","breadcrumb":{"@id":"https:\/\/www.inchwildfowlreserve.ie\/ga\/mcgraths\/#breadcrumb"},"inLanguage":"ga-IE","potentialAction":[{"@type":"ReadAction","target":["https:\/\/www.inchwildfowlreserve.ie\/ga\/mcgraths\/"]}]},{"@type":"ImageObject","inLanguage":"ga-IE","@id":"https:\/\/www.inchwildfowlreserve.ie\/ga\/mcgraths\/#primaryimage","url":"https:\/\/www.inchwildfowlreserve.ie\/wp-content\/uploads\/2022\/01\/mc-graths-car-park.jpg","contentUrl":"https:\/\/www.inchwildfowlreserve.ie\/wp-content\/uploads\/2022\/01\/mc-graths-car-park.jpg"},{"@type":"BreadcrumbList","@id":"https:\/\/www.inchwildfowlreserve.ie\/ga\/mcgraths\/#breadcrumb","itemListElement":[{"@type":"ListItem","position":1,"name":"Home","item":"https:\/\/www.inchwildfowlreserve.ie\/ga\/failte\/"},{"@type":"ListItem","position":2,"name":"McGrath&#8217;s"}]},{"@type":"WebSite","@id":"https:\/\/www.inchwildfowlreserve.ie\/ga\/#website","url":"https:\/\/www.inchwildfowlreserve.ie\/ga\/","name":"Wexford Wildfowl Reserve","description":"","publisher":{"@id":"https:\/\/www.inchwildfowlreserve.ie\/ga\/#organization"},"potentialAction":[{"@type":"SearchAction","target":{"@type":"EntryPoint","urlTemplate":"https:\/\/www.inchwildfowlreserve.ie\/ga\/?s={search_term_string}"},"query-input":{"@type":"PropertyValueSpecification","valueRequired":true,"valueName":"search_term_string"}}],"inLanguage":"ga-IE"},{"@type":"Organization","@id":"https:\/\/www.inchwildfowlreserve.ie\/ga\/#organization","name":"Wexford Wildfowl Reserve","url":"https:\/\/www.inchwildfowlreserve.ie\/ga\/","logo":{"@type":"ImageObject","inLanguage":"ga-IE","@id":"https:\/\/www.inchwildfowlreserve.ie\/ga\/#\/schema\/logo\/image\/","url":"https:\/\/www.wexfordwildfowlreserve.ie\/wp-content\/uploads\/2018\/10\/WWP-sized.png","contentUrl":"https:\/\/www.wexfordwildfowlreserve.ie\/wp-content\/uploads\/2018\/10\/WWP-sized.png","width":404,"height":100,"caption":"Wexford Wildfowl Reserve"},"image":{"@id":"https:\/\/www.inchwildfowlreserve.ie\/ga\/#\/schema\/logo\/image\/"}}]}},"jetpack_sharing_enabled":true,"_links":{"self":[{"href":"https:\/\/www.inchwildfowlreserve.ie\/ga\/wp-json\/wp\/v2\/pages\/1723","targetHints":{"allow":["GET"]}}],"collection":[{"href":"https:\/\/www.inchwildfowlreserve.ie\/ga\/wp-json\/wp\/v2\/pages"}],"about":[{"href":"https:\/\/www.inchwildfowlreserve.ie\/ga\/wp-json\/wp\/v2\/types\/page"}],"author":[{"embeddable":true,"href":"https:\/\/www.inchwildfowlreserve.ie\/ga\/wp-json\/wp\/v2\/users\/6"}],"replies":[{"embeddable":true,"href":"https:\/\/www.inchwildfowlreserve.ie\/ga\/wp-json\/wp\/v2\/comments?post=1723"}],"version-history":[{"count":3,"href":"https:\/\/www.inchwildfowlreserve.ie\/ga\/wp-json\/wp\/v2\/pages\/1723\/revisions"}],"predecessor-version":[{"id":1761,"href":"https:\/\/www.inchwildfowlreserve.ie\/ga\/wp-json\/wp\/v2\/pages\/1723\/revisions\/1761"}],"wp:attachment":[{"href":"https:\/\/www.inchwildfowlreserve.ie\/ga\/wp-json\/wp\/v2\/media?parent=1723"}],"wp:term":[{"taxonomy":"category","embeddable":true,"href":"https:\/\/www.inchwildfowlreserve.ie\/ga\/wp-json\/wp\/v2\/categories?post=1723"},{"taxonomy":"post_tag","embeddable":true,"href":"https:\/\/www.inchwildfowlreserve.ie\/ga\/wp-json\/wp\/v2\/tags?post=1723"}],"curies":[{"name":"wp","href":"https:\/\/api.w.org\/{rel}","templated":true}]}}