{"id":1721,"date":"2022-01-13T15:41:15","date_gmt":"2022-01-13T15:41:15","guid":{"rendered":"https:\/\/www.inchwildfowlreserve.ie\/feirm-an-ghrianain\/"},"modified":"2022-07-01T13:52:03","modified_gmt":"2022-07-01T13:52:03","slug":"feirm-an-ghrianain","status":"publish","type":"page","link":"https:\/\/www.inchwildfowlreserve.ie\/ga\/feirm-an-ghrianain\/","title":{"rendered":"Feirm an Ghrian\u00e1in"},"content":{"rendered":"\n<div class=\"wp-block-buttons is-layout-flex wp-block-buttons-is-layout-flex\">\n<div class=\"wp-block-button\"><a class=\"wp-block-button__link\" href=\"https:\/\/www.inchwildfowlreserve.ie\/ga\/anseo-cifidh-tu-folachan-eanbhreathnoireachta-tready-as-a-bhfaighidh-tu-radhairc-ar-doigh-ar-an-loch-ag-amharc-o-thuaidh-agus-siar\/\">Ar ais<\/a><\/div>\n<\/div>\n<div class=\"wp-block-image\">\n<figure class=\"aligncenter size-full\"><img loading=\"lazy\" decoding=\"async\" width=\"475\" height=\"350\" src=\"https:\/\/www.inchwildfowlreserve.ie\/wp-content\/uploads\/2022\/01\/grianan-farm.jpg\" alt=\"Tarrac&#xF3;ir agus Comhbhuainteoir\" class=\"wp-image-1185\" srcset=\"https:\/\/www.inchwildfowlreserve.ie\/wp-content\/uploads\/2022\/01\/grianan-farm.jpg 475w, https:\/\/www.inchwildfowlreserve.ie\/wp-content\/uploads\/2022\/01\/grianan-farm-300x221.jpg 300w\" sizes=\"auto, (max-width: 475px) 100vw, 475px\" \/><\/figure>\n<\/div>\n<p id=\"u1727-2\">Crutha\u00edodh Feirm an Ghrian\u00e1in as l\u00e1ib agus riasc goirt Loch S\u00fail\u00ed os cionn 160 bliain \u00f3 shin. T\u00e1 os cionn 2000 acra de thalamh m\u00ednt\u00edrithe san fheirm seo, at\u00e1 ar chuid den talamh is t\u00e1irgi\u00fala ar oile\u00e1n na h\u00c9ireann sa l\u00e1 at\u00e1 inniu ann.<\/p>\n\n<p id=\"u1727-5\">Is \u00ed an diantalmha\u00edocht seo agus na p\u00e1irceanna m\u00f3ra a fh\u00e1gann go bhfuil s\u00e9 chomh tarraingteach d&#8217;\u00e9anlaith fhi\u00e1in ar cuairt. D\u00e9antar an fheirm a bhainisti\u00fa i gc\u00f3ras cine\u00e1l cura\u00edochta le measc\u00e1n d&#8217;ainmhithe f\u00e9araigh, barra arbhair agus pr\u00e1ta\u00ed \u00e1 bhf\u00e1s ar an talamh. D\u00e9antar bainisti\u00fa ar fhormh\u00f3r na feirme anois mar fheirm org\u00e1nach. Cialla\u00edonn s\u00e9 sin gur d\u00fashl\u00e1n n\u00edos m\u00f3 f\u00f3s \u00e9 cothroma\u00edocht a bhaint amach maidir leis an idirghn\u00edomh\u00fa idir fiadh\u00falra agus t\u00e1irgeadh bia. T\u00e1 baint ag na feirmeoir\u00ed le comhaont\u00fa bainist\u00edochta, rud a chialla\u00edonn go nglactar leis na h\u00e9in agus nach gcuirtear isteach orthu le linn an gheimhridh.<\/p>\n\n<p id=\"u1727-8\">Tugann an fheirm, lena f\u00e1lta sceach agus a paist\u00ed fliucha sa ph\u00e1irc deis chun speicis eile a fheice\u00e1il, mar shampla cuid de na h\u00e9in is m\u00f3 at\u00e1 faoi bhagairt ar thalamh feirme cos\u00fail leis an ghealbhan crainn agus ealta\u00ed m\u00f3ra glas\u00e1n sa gheimhreadh. Chomh maith leis sin, b\u00edonn cuid de na lapair\u00ed, mar shampla an pilib\u00edn, ag p\u00f3r\u00fa sna p\u00e1irceanna m\u00f3ra i rith an tsamhraidh.<\/p>\n\n<p id=\"u1727-3\">\u00a0<\/p>\n\n<p id=\"u1727-6\">\u00a0<\/p>\n","protected":false},"excerpt":{"rendered":"<p>Crutha\u00edodh Feirm an Ghrian\u00e1in as l\u00e1ib agus riasc goirt Loch S\u00fail\u00ed os cionn 160 bliain \u00f3 shin. T\u00e1 os cionn 2000 acra de thalamh m\u00ednt\u00edrithe san fheirm seo, at\u00e1 ar chuid den talamh is t\u00e1irgi\u00fala ar oile\u00e1n na h\u00c9ireann sa l\u00e1 at\u00e1 inniu ann. Is \u00ed an diantalmha\u00edocht seo agus na p\u00e1irceanna m\u00f3ra a fh\u00e1gann&#8230; <\/p>\n","protected":false},"author":6,"featured_media":0,"parent":0,"menu_order":0,"comment_status":"closed","ping_status":"closed","template":"no-sidebar.php","meta":{"footnotes":""},"categories":[],"tags":[],"class_list":["post-1721","page","type-page","status-publish","hentry"],"yoast_head":"<!-- This site is optimized with the Yoast SEO plugin v27.6 - https:\/\/yoast.com\/product\/yoast-seo-wordpress\/ -->\n<title>Feirm an Ghrian\u00e1in - Anaclann \u00c9anlaithe Fi\u00e1ine na hInse<\/title>\n<meta name=\"robots\" content=\"index, follow, max-snippet:-1, max-image-preview:large, max-video-preview:-1\" \/>\n<link rel=\"canonical\" href=\"https:\/\/www.inchwildfowlreserve.ie\/ga\/feirm-an-ghrianain\/\" \/>\n<meta property=\"og:locale\" content=\"ga_IE\" \/>\n<meta property=\"og:type\" content=\"article\" \/>\n<meta property=\"og:title\" content=\"Feirm an Ghrian\u00e1in - Anaclann \u00c9anlaithe Fi\u00e1ine na hInse\" \/>\n<meta property=\"og:description\" content=\"Crutha\u00edodh Feirm an Ghrian\u00e1in as l\u00e1ib agus riasc goirt Loch S\u00fail\u00ed os cionn 160 bliain \u00f3 shin. T\u00e1 os cionn 2000 acra de thalamh m\u00ednt\u00edrithe san fheirm seo, at\u00e1 ar chuid den talamh is t\u00e1irgi\u00fala ar oile\u00e1n na h\u00c9ireann sa l\u00e1 at\u00e1 inniu ann. Is \u00ed an diantalmha\u00edocht seo agus na p\u00e1irceanna m\u00f3ra a fh\u00e1gann...\" \/>\n<meta property=\"og:url\" content=\"https:\/\/www.inchwildfowlreserve.ie\/ga\/feirm-an-ghrianain\/\" \/>\n<meta property=\"og:site_name\" content=\"Anaclann \u00c9anlaithe Fi\u00e1ine na hInse\" \/>\n<meta property=\"article:modified_time\" content=\"2022-07-01T13:52:03+00:00\" \/>\n<meta property=\"og:image\" content=\"https:\/\/www.inchwildfowlreserve.ie\/wp-content\/uploads\/2022\/01\/grianan-farm.jpg\" \/>\n<meta name=\"twitter:card\" content=\"summary_large_image\" \/>\n<meta name=\"twitter:label1\" content=\"Est. reading time\" \/>\n\t<meta name=\"twitter:data1\" content=\"1 minute\" \/>\n<script type=\"application\/ld+json\" class=\"yoast-schema-graph\">{\"@context\":\"https:\\\/\\\/schema.org\",\"@graph\":[{\"@type\":\"WebPage\",\"@id\":\"https:\\\/\\\/www.inchwildfowlreserve.ie\\\/ga\\\/feirm-an-ghrianain\\\/\",\"url\":\"https:\\\/\\\/www.inchwildfowlreserve.ie\\\/ga\\\/feirm-an-ghrianain\\\/\",\"name\":\"Feirm an Ghrian\u00e1in - Anaclann \u00c9anlaithe Fi\u00e1ine na hInse\",\"isPartOf\":{\"@id\":\"https:\\\/\\\/www.inchwildfowlreserve.ie\\\/ga\\\/#website\"},\"primaryImageOfPage\":{\"@id\":\"https:\\\/\\\/www.inchwildfowlreserve.ie\\\/ga\\\/feirm-an-ghrianain\\\/#primaryimage\"},\"image\":{\"@id\":\"https:\\\/\\\/www.inchwildfowlreserve.ie\\\/ga\\\/feirm-an-ghrianain\\\/#primaryimage\"},\"thumbnailUrl\":\"https:\\\/\\\/www.inchwildfowlreserve.ie\\\/wp-content\\\/uploads\\\/2022\\\/01\\\/grianan-farm.jpg\",\"datePublished\":\"2022-01-13T15:41:15+00:00\",\"dateModified\":\"2022-07-01T13:52:03+00:00\",\"breadcrumb\":{\"@id\":\"https:\\\/\\\/www.inchwildfowlreserve.ie\\\/ga\\\/feirm-an-ghrianain\\\/#breadcrumb\"},\"inLanguage\":\"ga-IE\",\"potentialAction\":[{\"@type\":\"ReadAction\",\"target\":[\"https:\\\/\\\/www.inchwildfowlreserve.ie\\\/ga\\\/feirm-an-ghrianain\\\/\"]}]},{\"@type\":\"ImageObject\",\"inLanguage\":\"ga-IE\",\"@id\":\"https:\\\/\\\/www.inchwildfowlreserve.ie\\\/ga\\\/feirm-an-ghrianain\\\/#primaryimage\",\"url\":\"https:\\\/\\\/www.inchwildfowlreserve.ie\\\/wp-content\\\/uploads\\\/2022\\\/01\\\/grianan-farm.jpg\",\"contentUrl\":\"https:\\\/\\\/www.inchwildfowlreserve.ie\\\/wp-content\\\/uploads\\\/2022\\\/01\\\/grianan-farm.jpg\"},{\"@type\":\"BreadcrumbList\",\"@id\":\"https:\\\/\\\/www.inchwildfowlreserve.ie\\\/ga\\\/feirm-an-ghrianain\\\/#breadcrumb\",\"itemListElement\":[{\"@type\":\"ListItem\",\"position\":1,\"name\":\"Home\",\"item\":\"https:\\\/\\\/www.inchwildfowlreserve.ie\\\/ga\\\/failte\\\/\"},{\"@type\":\"ListItem\",\"position\":2,\"name\":\"Feirm an Ghrian\u00e1in\"}]},{\"@type\":\"WebSite\",\"@id\":\"https:\\\/\\\/www.inchwildfowlreserve.ie\\\/ga\\\/#website\",\"url\":\"https:\\\/\\\/www.inchwildfowlreserve.ie\\\/ga\\\/\",\"name\":\"Wexford Wildfowl Reserve\",\"description\":\"\",\"publisher\":{\"@id\":\"https:\\\/\\\/www.inchwildfowlreserve.ie\\\/ga\\\/#organization\"},\"potentialAction\":[{\"@type\":\"SearchAction\",\"target\":{\"@type\":\"EntryPoint\",\"urlTemplate\":\"https:\\\/\\\/www.inchwildfowlreserve.ie\\\/ga\\\/?s={search_term_string}\"},\"query-input\":{\"@type\":\"PropertyValueSpecification\",\"valueRequired\":true,\"valueName\":\"search_term_string\"}}],\"inLanguage\":\"ga-IE\"},{\"@type\":\"Organization\",\"@id\":\"https:\\\/\\\/www.inchwildfowlreserve.ie\\\/ga\\\/#organization\",\"name\":\"Wexford Wildfowl Reserve\",\"url\":\"https:\\\/\\\/www.inchwildfowlreserve.ie\\\/ga\\\/\",\"logo\":{\"@type\":\"ImageObject\",\"inLanguage\":\"ga-IE\",\"@id\":\"https:\\\/\\\/www.inchwildfowlreserve.ie\\\/ga\\\/#\\\/schema\\\/logo\\\/image\\\/\",\"url\":\"https:\\\/\\\/www.wexfordwildfowlreserve.ie\\\/wp-content\\\/uploads\\\/2018\\\/10\\\/WWP-sized.png\",\"contentUrl\":\"https:\\\/\\\/www.wexfordwildfowlreserve.ie\\\/wp-content\\\/uploads\\\/2018\\\/10\\\/WWP-sized.png\",\"width\":404,\"height\":100,\"caption\":\"Wexford Wildfowl Reserve\"},\"image\":{\"@id\":\"https:\\\/\\\/www.inchwildfowlreserve.ie\\\/ga\\\/#\\\/schema\\\/logo\\\/image\\\/\"}}]}<\/script>\n<!-- \/ Yoast SEO plugin. -->","yoast_head_json":{"title":"Feirm an Ghrian\u00e1in - Anaclann \u00c9anlaithe Fi\u00e1ine na hInse","robots":{"index":"index","follow":"follow","max-snippet":"max-snippet:-1","max-image-preview":"max-image-preview:large","max-video-preview":"max-video-preview:-1"},"canonical":"https:\/\/www.inchwildfowlreserve.ie\/ga\/feirm-an-ghrianain\/","og_locale":"ga_IE","og_type":"article","og_title":"Feirm an Ghrian\u00e1in - Anaclann \u00c9anlaithe Fi\u00e1ine na hInse","og_description":"Crutha\u00edodh Feirm an Ghrian\u00e1in as l\u00e1ib agus riasc goirt Loch S\u00fail\u00ed os cionn 160 bliain \u00f3 shin. T\u00e1 os cionn 2000 acra de thalamh m\u00ednt\u00edrithe san fheirm seo, at\u00e1 ar chuid den talamh is t\u00e1irgi\u00fala ar oile\u00e1n na h\u00c9ireann sa l\u00e1 at\u00e1 inniu ann. Is \u00ed an diantalmha\u00edocht seo agus na p\u00e1irceanna m\u00f3ra a fh\u00e1gann...","og_url":"https:\/\/www.inchwildfowlreserve.ie\/ga\/feirm-an-ghrianain\/","og_site_name":"Anaclann \u00c9anlaithe Fi\u00e1ine na hInse","article_modified_time":"2022-07-01T13:52:03+00:00","og_image":[{"url":"https:\/\/www.inchwildfowlreserve.ie\/wp-content\/uploads\/2022\/01\/grianan-farm.jpg","type":"","width":"","height":""}],"twitter_card":"summary_large_image","twitter_misc":{"Est. reading time":"1 minute"},"schema":{"@context":"https:\/\/schema.org","@graph":[{"@type":"WebPage","@id":"https:\/\/www.inchwildfowlreserve.ie\/ga\/feirm-an-ghrianain\/","url":"https:\/\/www.inchwildfowlreserve.ie\/ga\/feirm-an-ghrianain\/","name":"Feirm an Ghrian\u00e1in - Anaclann \u00c9anlaithe Fi\u00e1ine na hInse","isPartOf":{"@id":"https:\/\/www.inchwildfowlreserve.ie\/ga\/#website"},"primaryImageOfPage":{"@id":"https:\/\/www.inchwildfowlreserve.ie\/ga\/feirm-an-ghrianain\/#primaryimage"},"image":{"@id":"https:\/\/www.inchwildfowlreserve.ie\/ga\/feirm-an-ghrianain\/#primaryimage"},"thumbnailUrl":"https:\/\/www.inchwildfowlreserve.ie\/wp-content\/uploads\/2022\/01\/grianan-farm.jpg","datePublished":"2022-01-13T15:41:15+00:00","dateModified":"2022-07-01T13:52:03+00:00","breadcrumb":{"@id":"https:\/\/www.inchwildfowlreserve.ie\/ga\/feirm-an-ghrianain\/#breadcrumb"},"inLanguage":"ga-IE","potentialAction":[{"@type":"ReadAction","target":["https:\/\/www.inchwildfowlreserve.ie\/ga\/feirm-an-ghrianain\/"]}]},{"@type":"ImageObject","inLanguage":"ga-IE","@id":"https:\/\/www.inchwildfowlreserve.ie\/ga\/feirm-an-ghrianain\/#primaryimage","url":"https:\/\/www.inchwildfowlreserve.ie\/wp-content\/uploads\/2022\/01\/grianan-farm.jpg","contentUrl":"https:\/\/www.inchwildfowlreserve.ie\/wp-content\/uploads\/2022\/01\/grianan-farm.jpg"},{"@type":"BreadcrumbList","@id":"https:\/\/www.inchwildfowlreserve.ie\/ga\/feirm-an-ghrianain\/#breadcrumb","itemListElement":[{"@type":"ListItem","position":1,"name":"Home","item":"https:\/\/www.inchwildfowlreserve.ie\/ga\/failte\/"},{"@type":"ListItem","position":2,"name":"Feirm an Ghrian\u00e1in"}]},{"@type":"WebSite","@id":"https:\/\/www.inchwildfowlreserve.ie\/ga\/#website","url":"https:\/\/www.inchwildfowlreserve.ie\/ga\/","name":"Wexford Wildfowl Reserve","description":"","publisher":{"@id":"https:\/\/www.inchwildfowlreserve.ie\/ga\/#organization"},"potentialAction":[{"@type":"SearchAction","target":{"@type":"EntryPoint","urlTemplate":"https:\/\/www.inchwildfowlreserve.ie\/ga\/?s={search_term_string}"},"query-input":{"@type":"PropertyValueSpecification","valueRequired":true,"valueName":"search_term_string"}}],"inLanguage":"ga-IE"},{"@type":"Organization","@id":"https:\/\/www.inchwildfowlreserve.ie\/ga\/#organization","name":"Wexford Wildfowl Reserve","url":"https:\/\/www.inchwildfowlreserve.ie\/ga\/","logo":{"@type":"ImageObject","inLanguage":"ga-IE","@id":"https:\/\/www.inchwildfowlreserve.ie\/ga\/#\/schema\/logo\/image\/","url":"https:\/\/www.wexfordwildfowlreserve.ie\/wp-content\/uploads\/2018\/10\/WWP-sized.png","contentUrl":"https:\/\/www.wexfordwildfowlreserve.ie\/wp-content\/uploads\/2018\/10\/WWP-sized.png","width":404,"height":100,"caption":"Wexford Wildfowl Reserve"},"image":{"@id":"https:\/\/www.inchwildfowlreserve.ie\/ga\/#\/schema\/logo\/image\/"}}]}},"jetpack_sharing_enabled":true,"_links":{"self":[{"href":"https:\/\/www.inchwildfowlreserve.ie\/ga\/wp-json\/wp\/v2\/pages\/1721","targetHints":{"allow":["GET"]}}],"collection":[{"href":"https:\/\/www.inchwildfowlreserve.ie\/ga\/wp-json\/wp\/v2\/pages"}],"about":[{"href":"https:\/\/www.inchwildfowlreserve.ie\/ga\/wp-json\/wp\/v2\/types\/page"}],"author":[{"embeddable":true,"href":"https:\/\/www.inchwildfowlreserve.ie\/ga\/wp-json\/wp\/v2\/users\/6"}],"replies":[{"embeddable":true,"href":"https:\/\/www.inchwildfowlreserve.ie\/ga\/wp-json\/wp\/v2\/comments?post=1721"}],"version-history":[{"count":3,"href":"https:\/\/www.inchwildfowlreserve.ie\/ga\/wp-json\/wp\/v2\/pages\/1721\/revisions"}],"predecessor-version":[{"id":1759,"href":"https:\/\/www.inchwildfowlreserve.ie\/ga\/wp-json\/wp\/v2\/pages\/1721\/revisions\/1759"}],"wp:attachment":[{"href":"https:\/\/www.inchwildfowlreserve.ie\/ga\/wp-json\/wp\/v2\/media?parent=1721"}],"wp:term":[{"taxonomy":"category","embeddable":true,"href":"https:\/\/www.inchwildfowlreserve.ie\/ga\/wp-json\/wp\/v2\/categories?post=1721"},{"taxonomy":"post_tag","embeddable":true,"href":"https:\/\/www.inchwildfowlreserve.ie\/ga\/wp-json\/wp\/v2\/tags?post=1721"}],"curies":[{"name":"wp","href":"https:\/\/api.w.org\/{rel}","templated":true}]}}