{"id":1719,"date":"2022-01-14T15:52:37","date_gmt":"2022-01-14T15:52:37","guid":{"rendered":"https:\/\/www.inchwildfowlreserve.ie\/gailearai\/"},"modified":"2022-06-30T16:22:29","modified_gmt":"2022-06-30T16:22:29","slug":"gailearai","status":"publish","type":"page","link":"https:\/\/www.inchwildfowlreserve.ie\/ga\/gailearai\/","title":{"rendered":"Gaileara\u00ed"},"content":{"rendered":"\n<div class=\"wp-block-jetpack-slideshow\" data-effect=\"slide\"><div class=\"wp-block-jetpack-slideshow_container swiper-container\"><ul class=\"wp-block-jetpack-slideshow_swiper-wrapper swiper-wrapper\"><li class=\"wp-block-jetpack-slideshow_slide swiper-slide\"><figure><img loading=\"lazy\" decoding=\"async\" width=\"617\" height=\"480\" alt=\"\" class=\"wp-block-jetpack-slideshow_image wp-image-1211\" data-id=\"1211\" src=\"https:\/\/www.inchwildfowlreserve.ie\/wp-content\/uploads\/2022\/01\/sternandgull-crop-u3969.jpg\" srcset=\"https:\/\/www.inchwildfowlreserve.ie\/wp-content\/uploads\/2022\/01\/sternandgull-crop-u3969.jpg 617w, https:\/\/www.inchwildfowlreserve.ie\/wp-content\/uploads\/2022\/01\/sternandgull-crop-u3969-300x233.jpg 300w\" sizes=\"(max-width: 617px) 100vw, 617px\" \/><\/figure><\/li><li class=\"wp-block-jetpack-slideshow_slide swiper-slide\"><figure><img loading=\"lazy\" decoding=\"async\" width=\"617\" height=\"480\" alt=\"\" class=\"wp-block-jetpack-slideshow_image wp-image-1213\" data-id=\"1213\" src=\"https:\/\/www.inchwildfowlreserve.ie\/wp-content\/uploads\/2022\/01\/terns-ans-gulls-crop-u3978.jpg\" srcset=\"https:\/\/www.inchwildfowlreserve.ie\/wp-content\/uploads\/2022\/01\/terns-ans-gulls-crop-u3978.jpg 617w, https:\/\/www.inchwildfowlreserve.ie\/wp-content\/uploads\/2022\/01\/terns-ans-gulls-crop-u3978-300x233.jpg 300w\" sizes=\"(max-width: 617px) 100vw, 617px\" \/><\/figure><\/li><li class=\"wp-block-jetpack-slideshow_slide swiper-slide\"><figure><img loading=\"lazy\" decoding=\"async\" width=\"435\" height=\"290\" alt=\"\" class=\"wp-block-jetpack-slideshow_image wp-image-1216\" data-id=\"1216\" src=\"https:\/\/www.inchwildfowlreserve.ie\/wp-content\/uploads\/2022\/01\/treadyhide2.jpg\" srcset=\"https:\/\/www.inchwildfowlreserve.ie\/wp-content\/uploads\/2022\/01\/treadyhide2.jpg 435w, https:\/\/www.inchwildfowlreserve.ie\/wp-content\/uploads\/2022\/01\/treadyhide2-300x200.jpg 300w\" sizes=\"(max-width: 435px) 100vw, 435px\" \/><\/figure><\/li><li class=\"wp-block-jetpack-slideshow_slide swiper-slide\"><figure><img loading=\"lazy\" decoding=\"async\" width=\"1024\" height=\"280\" alt=\"\" class=\"wp-block-jetpack-slideshow_image wp-image-1205\" data-id=\"1205\" src=\"https:\/\/www.inchwildfowlreserve.ie\/wp-content\/uploads\/2022\/01\/slider4-1024x280.jpg\" srcset=\"https:\/\/www.inchwildfowlreserve.ie\/wp-content\/uploads\/2022\/01\/slider4-1024x280.jpg 1024w, https:\/\/www.inchwildfowlreserve.ie\/wp-content\/uploads\/2022\/01\/slider4-300x82.jpg 300w, https:\/\/www.inchwildfowlreserve.ie\/wp-content\/uploads\/2022\/01\/slider4-768x210.jpg 768w, https:\/\/www.inchwildfowlreserve.ie\/wp-content\/uploads\/2022\/01\/slider4-1536x420.jpg 1536w, https:\/\/www.inchwildfowlreserve.ie\/wp-content\/uploads\/2022\/01\/slider4.jpg 1920w\" sizes=\"(max-width: 1024px) 100vw, 1024px\" \/><\/figure><\/li><li class=\"wp-block-jetpack-slideshow_slide swiper-slide\"><figure><img loading=\"lazy\" decoding=\"async\" width=\"421\" height=\"281\" alt=\"\" class=\"wp-block-jetpack-slideshow_image wp-image-1214\" data-id=\"1214\" src=\"https:\/\/www.inchwildfowlreserve.ie\/wp-content\/uploads\/2022\/01\/tooban-hide.jpg\" srcset=\"https:\/\/www.inchwildfowlreserve.ie\/wp-content\/uploads\/2022\/01\/tooban-hide.jpg 421w, https:\/\/www.inchwildfowlreserve.ie\/wp-content\/uploads\/2022\/01\/tooban-hide-300x200.jpg 300w\" sizes=\"(max-width: 421px) 100vw, 421px\" \/><\/figure><\/li><\/ul><a class=\"wp-block-jetpack-slideshow_button-prev swiper-button-prev swiper-button-white\" role=\"button\"><\/a><a class=\"wp-block-jetpack-slideshow_button-next swiper-button-next swiper-button-white\" role=\"button\"><\/a><a aria-label=\"Pause Slideshow\" class=\"wp-block-jetpack-slideshow_button-pause\" role=\"button\"><\/a><div class=\"wp-block-jetpack-slideshow_pagination swiper-pagination swiper-pagination-white\"><\/div><\/div><\/div>\n","protected":false},"excerpt":{"rendered":"","protected":false},"author":6,"featured_media":0,"parent":0,"menu_order":0,"comment_status":"closed","ping_status":"closed","template":"no-sidebar.php","meta":{"footnotes":""},"categories":[],"tags":[],"class_list":["post-1719","page","type-page","status-publish","hentry"],"yoast_head":"<!-- This site is optimized with the Yoast SEO plugin v27.3 - https:\/\/yoast.com\/product\/yoast-seo-wordpress\/ -->\n<title>Gaileara\u00ed - Anaclann \u00c9anlaithe Fi\u00e1ine na hInse<\/title>\n<meta name=\"robots\" content=\"index, follow, max-snippet:-1, max-image-preview:large, max-video-preview:-1\" \/>\n<link rel=\"canonical\" href=\"https:\/\/www.inchwildfowlreserve.ie\/ga\/gailearai\/\" \/>\n<meta property=\"og:locale\" content=\"ga_IE\" \/>\n<meta property=\"og:type\" content=\"article\" \/>\n<meta property=\"og:title\" content=\"Gaileara\u00ed - Anaclann \u00c9anlaithe Fi\u00e1ine na hInse\" \/>\n<meta property=\"og:url\" content=\"https:\/\/www.inchwildfowlreserve.ie\/ga\/gailearai\/\" \/>\n<meta property=\"og:site_name\" content=\"Anaclann \u00c9anlaithe Fi\u00e1ine na hInse\" \/>\n<meta property=\"article:modified_time\" content=\"2022-06-30T16:22:29+00:00\" \/>\n<meta property=\"og:image\" content=\"https:\/\/www.inchwildfowlreserve.ie\/wp-content\/uploads\/2022\/01\/sternandgull-crop-u3969.jpg\" \/>\n<meta name=\"twitter:card\" content=\"summary_large_image\" \/>\n<script type=\"application\/ld+json\" class=\"yoast-schema-graph\">{\"@context\":\"https:\\\/\\\/schema.org\",\"@graph\":[{\"@type\":\"WebPage\",\"@id\":\"https:\\\/\\\/www.inchwildfowlreserve.ie\\\/ga\\\/gailearai\\\/\",\"url\":\"https:\\\/\\\/www.inchwildfowlreserve.ie\\\/ga\\\/gailearai\\\/\",\"name\":\"Gaileara\u00ed - Anaclann \u00c9anlaithe Fi\u00e1ine na hInse\",\"isPartOf\":{\"@id\":\"https:\\\/\\\/www.inchwildfowlreserve.ie\\\/ga\\\/#website\"},\"primaryImageOfPage\":{\"@id\":\"https:\\\/\\\/www.inchwildfowlreserve.ie\\\/ga\\\/gailearai\\\/#primaryimage\"},\"image\":{\"@id\":\"https:\\\/\\\/www.inchwildfowlreserve.ie\\\/ga\\\/gailearai\\\/#primaryimage\"},\"thumbnailUrl\":\"https:\\\/\\\/www.inchwildfowlreserve.ie\\\/wp-content\\\/uploads\\\/2022\\\/01\\\/sternandgull-crop-u3969.jpg\",\"datePublished\":\"2022-01-14T15:52:37+00:00\",\"dateModified\":\"2022-06-30T16:22:29+00:00\",\"breadcrumb\":{\"@id\":\"https:\\\/\\\/www.inchwildfowlreserve.ie\\\/ga\\\/gailearai\\\/#breadcrumb\"},\"inLanguage\":\"ga-IE\",\"potentialAction\":[{\"@type\":\"ReadAction\",\"target\":[\"https:\\\/\\\/www.inchwildfowlreserve.ie\\\/ga\\\/gailearai\\\/\"]}]},{\"@type\":\"ImageObject\",\"inLanguage\":\"ga-IE\",\"@id\":\"https:\\\/\\\/www.inchwildfowlreserve.ie\\\/ga\\\/gailearai\\\/#primaryimage\",\"url\":\"https:\\\/\\\/www.inchwildfowlreserve.ie\\\/wp-content\\\/uploads\\\/2022\\\/01\\\/sternandgull-crop-u3969.jpg\",\"contentUrl\":\"https:\\\/\\\/www.inchwildfowlreserve.ie\\\/wp-content\\\/uploads\\\/2022\\\/01\\\/sternandgull-crop-u3969.jpg\"},{\"@type\":\"BreadcrumbList\",\"@id\":\"https:\\\/\\\/www.inchwildfowlreserve.ie\\\/ga\\\/gailearai\\\/#breadcrumb\",\"itemListElement\":[{\"@type\":\"ListItem\",\"position\":1,\"name\":\"Home\",\"item\":\"https:\\\/\\\/www.inchwildfowlreserve.ie\\\/ga\\\/failte\\\/\"},{\"@type\":\"ListItem\",\"position\":2,\"name\":\"Gaileara\u00ed\"}]},{\"@type\":\"WebSite\",\"@id\":\"https:\\\/\\\/www.inchwildfowlreserve.ie\\\/ga\\\/#website\",\"url\":\"https:\\\/\\\/www.inchwildfowlreserve.ie\\\/ga\\\/\",\"name\":\"Wexford Wildfowl Reserve\",\"description\":\"\",\"publisher\":{\"@id\":\"https:\\\/\\\/www.inchwildfowlreserve.ie\\\/ga\\\/#organization\"},\"potentialAction\":[{\"@type\":\"SearchAction\",\"target\":{\"@type\":\"EntryPoint\",\"urlTemplate\":\"https:\\\/\\\/www.inchwildfowlreserve.ie\\\/ga\\\/?s={search_term_string}\"},\"query-input\":{\"@type\":\"PropertyValueSpecification\",\"valueRequired\":true,\"valueName\":\"search_term_string\"}}],\"inLanguage\":\"ga-IE\"},{\"@type\":\"Organization\",\"@id\":\"https:\\\/\\\/www.inchwildfowlreserve.ie\\\/ga\\\/#organization\",\"name\":\"Wexford Wildfowl Reserve\",\"url\":\"https:\\\/\\\/www.inchwildfowlreserve.ie\\\/ga\\\/\",\"logo\":{\"@type\":\"ImageObject\",\"inLanguage\":\"ga-IE\",\"@id\":\"https:\\\/\\\/www.inchwildfowlreserve.ie\\\/ga\\\/#\\\/schema\\\/logo\\\/image\\\/\",\"url\":\"https:\\\/\\\/www.wexfordwildfowlreserve.ie\\\/wp-content\\\/uploads\\\/2018\\\/10\\\/WWP-sized.png\",\"contentUrl\":\"https:\\\/\\\/www.wexfordwildfowlreserve.ie\\\/wp-content\\\/uploads\\\/2018\\\/10\\\/WWP-sized.png\",\"width\":404,\"height\":100,\"caption\":\"Wexford Wildfowl Reserve\"},\"image\":{\"@id\":\"https:\\\/\\\/www.inchwildfowlreserve.ie\\\/ga\\\/#\\\/schema\\\/logo\\\/image\\\/\"}}]}<\/script>\n<!-- \/ Yoast SEO plugin. -->","yoast_head_json":{"title":"Gaileara\u00ed - Anaclann \u00c9anlaithe Fi\u00e1ine na hInse","robots":{"index":"index","follow":"follow","max-snippet":"max-snippet:-1","max-image-preview":"max-image-preview:large","max-video-preview":"max-video-preview:-1"},"canonical":"https:\/\/www.inchwildfowlreserve.ie\/ga\/gailearai\/","og_locale":"ga_IE","og_type":"article","og_title":"Gaileara\u00ed - Anaclann \u00c9anlaithe Fi\u00e1ine na hInse","og_url":"https:\/\/www.inchwildfowlreserve.ie\/ga\/gailearai\/","og_site_name":"Anaclann \u00c9anlaithe Fi\u00e1ine na hInse","article_modified_time":"2022-06-30T16:22:29+00:00","og_image":[{"url":"https:\/\/www.inchwildfowlreserve.ie\/wp-content\/uploads\/2022\/01\/sternandgull-crop-u3969.jpg","type":"","width":"","height":""}],"twitter_card":"summary_large_image","schema":{"@context":"https:\/\/schema.org","@graph":[{"@type":"WebPage","@id":"https:\/\/www.inchwildfowlreserve.ie\/ga\/gailearai\/","url":"https:\/\/www.inchwildfowlreserve.ie\/ga\/gailearai\/","name":"Gaileara\u00ed - Anaclann \u00c9anlaithe Fi\u00e1ine na hInse","isPartOf":{"@id":"https:\/\/www.inchwildfowlreserve.ie\/ga\/#website"},"primaryImageOfPage":{"@id":"https:\/\/www.inchwildfowlreserve.ie\/ga\/gailearai\/#primaryimage"},"image":{"@id":"https:\/\/www.inchwildfowlreserve.ie\/ga\/gailearai\/#primaryimage"},"thumbnailUrl":"https:\/\/www.inchwildfowlreserve.ie\/wp-content\/uploads\/2022\/01\/sternandgull-crop-u3969.jpg","datePublished":"2022-01-14T15:52:37+00:00","dateModified":"2022-06-30T16:22:29+00:00","breadcrumb":{"@id":"https:\/\/www.inchwildfowlreserve.ie\/ga\/gailearai\/#breadcrumb"},"inLanguage":"ga-IE","potentialAction":[{"@type":"ReadAction","target":["https:\/\/www.inchwildfowlreserve.ie\/ga\/gailearai\/"]}]},{"@type":"ImageObject","inLanguage":"ga-IE","@id":"https:\/\/www.inchwildfowlreserve.ie\/ga\/gailearai\/#primaryimage","url":"https:\/\/www.inchwildfowlreserve.ie\/wp-content\/uploads\/2022\/01\/sternandgull-crop-u3969.jpg","contentUrl":"https:\/\/www.inchwildfowlreserve.ie\/wp-content\/uploads\/2022\/01\/sternandgull-crop-u3969.jpg"},{"@type":"BreadcrumbList","@id":"https:\/\/www.inchwildfowlreserve.ie\/ga\/gailearai\/#breadcrumb","itemListElement":[{"@type":"ListItem","position":1,"name":"Home","item":"https:\/\/www.inchwildfowlreserve.ie\/ga\/failte\/"},{"@type":"ListItem","position":2,"name":"Gaileara\u00ed"}]},{"@type":"WebSite","@id":"https:\/\/www.inchwildfowlreserve.ie\/ga\/#website","url":"https:\/\/www.inchwildfowlreserve.ie\/ga\/","name":"Wexford Wildfowl Reserve","description":"","publisher":{"@id":"https:\/\/www.inchwildfowlreserve.ie\/ga\/#organization"},"potentialAction":[{"@type":"SearchAction","target":{"@type":"EntryPoint","urlTemplate":"https:\/\/www.inchwildfowlreserve.ie\/ga\/?s={search_term_string}"},"query-input":{"@type":"PropertyValueSpecification","valueRequired":true,"valueName":"search_term_string"}}],"inLanguage":"ga-IE"},{"@type":"Organization","@id":"https:\/\/www.inchwildfowlreserve.ie\/ga\/#organization","name":"Wexford Wildfowl Reserve","url":"https:\/\/www.inchwildfowlreserve.ie\/ga\/","logo":{"@type":"ImageObject","inLanguage":"ga-IE","@id":"https:\/\/www.inchwildfowlreserve.ie\/ga\/#\/schema\/logo\/image\/","url":"https:\/\/www.wexfordwildfowlreserve.ie\/wp-content\/uploads\/2018\/10\/WWP-sized.png","contentUrl":"https:\/\/www.wexfordwildfowlreserve.ie\/wp-content\/uploads\/2018\/10\/WWP-sized.png","width":404,"height":100,"caption":"Wexford Wildfowl Reserve"},"image":{"@id":"https:\/\/www.inchwildfowlreserve.ie\/ga\/#\/schema\/logo\/image\/"}}]}},"jetpack_sharing_enabled":true,"_links":{"self":[{"href":"https:\/\/www.inchwildfowlreserve.ie\/ga\/wp-json\/wp\/v2\/pages\/1719","targetHints":{"allow":["GET"]}}],"collection":[{"href":"https:\/\/www.inchwildfowlreserve.ie\/ga\/wp-json\/wp\/v2\/pages"}],"about":[{"href":"https:\/\/www.inchwildfowlreserve.ie\/ga\/wp-json\/wp\/v2\/types\/page"}],"author":[{"embeddable":true,"href":"https:\/\/www.inchwildfowlreserve.ie\/ga\/wp-json\/wp\/v2\/users\/6"}],"replies":[{"embeddable":true,"href":"https:\/\/www.inchwildfowlreserve.ie\/ga\/wp-json\/wp\/v2\/comments?post=1719"}],"version-history":[{"count":1,"href":"https:\/\/www.inchwildfowlreserve.ie\/ga\/wp-json\/wp\/v2\/pages\/1719\/revisions"}],"predecessor-version":[{"id":1720,"href":"https:\/\/www.inchwildfowlreserve.ie\/ga\/wp-json\/wp\/v2\/pages\/1719\/revisions\/1720"}],"wp:attachment":[{"href":"https:\/\/www.inchwildfowlreserve.ie\/ga\/wp-json\/wp\/v2\/media?parent=1719"}],"wp:term":[{"taxonomy":"category","embeddable":true,"href":"https:\/\/www.inchwildfowlreserve.ie\/ga\/wp-json\/wp\/v2\/categories?post=1719"},{"taxonomy":"post_tag","embeddable":true,"href":"https:\/\/www.inchwildfowlreserve.ie\/ga\/wp-json\/wp\/v2\/tags?post=1719"}],"curies":[{"name":"wp","href":"https:\/\/api.w.org\/{rel}","templated":true}]}}