{"id":1715,"date":"2022-01-13T15:19:37","date_gmt":"2022-01-13T15:19:37","guid":{"rendered":"https:\/\/www.inchwildfowlreserve.ie\/carrchlos-farland\/"},"modified":"2022-07-01T13:52:03","modified_gmt":"2022-07-01T13:52:03","slug":"carrchlos-farland","status":"publish","type":"page","link":"https:\/\/www.inchwildfowlreserve.ie\/ga\/carrchlos-farland\/","title":{"rendered":"Carrchl\u00f3s Farland"},"content":{"rendered":"\n<div class=\"wp-block-buttons is-layout-flex wp-block-buttons-is-layout-flex\">\n<div class=\"wp-block-button\"><a class=\"wp-block-button__link\" href=\"https:\/\/www.inchwildfowlreserve.ie\/ga\/anseo-cifidh-tu-folachan-eanbhreathnoireachta-tready-as-a-bhfaighidh-tu-radhairc-ar-doigh-ar-an-loch-ag-amharc-o-thuaidh-agus-siar\/\">Ar ais<\/a><\/div>\n<\/div>\n<div class=\"wp-block-image\">\n<figure class=\"aligncenter size-full\"><img loading=\"lazy\" decoding=\"async\" width=\"475\" height=\"350\" src=\"https:\/\/www.inchwildfowlreserve.ie\/wp-content\/uploads\/2022\/01\/farland-carpark.jpg\" alt=\"Carrchl&#xF3;s Farland\" class=\"wp-image-1173\" srcset=\"https:\/\/www.inchwildfowlreserve.ie\/wp-content\/uploads\/2022\/01\/farland-carpark.jpg 475w, https:\/\/www.inchwildfowlreserve.ie\/wp-content\/uploads\/2022\/01\/farland-carpark-300x221.jpg 300w\" sizes=\"auto, (max-width: 475px) 100vw, 475px\" \/><\/figure>\n<\/div>\n<p id=\"u1573-2\">Nuair a cuireadh t\u00fas le tionscadal an Mh\u00ednt\u00edrithe thart ar 1850, crutha\u00edodh tr\u00ed chla\u00edfort, Cla\u00edfort Tready, Cla\u00edfort Farland agus Cla\u00edfort na hInse. Crutha\u00edodh cla\u00edfoirt Farland agus na hInse chun na taoid\u00ed a choinne\u00e1il siar, agus t\u00f3gadh Cla\u00edfort Tready ag roinnt an locha agus na feirme.<\/p>\n\n<p id=\"u1573-5\">Anseo is f\u00e9idir leat uisc\u00ed taoide Loch S\u00fail\u00ed a fheice\u00e1il ar thaobh amh\u00e1in agus uisc\u00ed goirt Loch na hInse ar an taobh eile. Scaoiltear an t-uisce \u00f3n loch amach i Loch S\u00fail\u00ed anseo tr\u00ed ocht mbualchomhla a oscla\u00edonn ag lag tr\u00e1, agus ansin luascann na geata\u00ed d\u00fanta nuair a thagann an taoide isteach.<\/p>\n\n<p id=\"u1573-8\">M\u00e1 amharcann t\u00fa amach i dtreo an Locha, c\u00edfidh t\u00fa a bhfuil f\u00e1gtha de Cheann Farland. \u00das\u00e1ideadh \u00e9 seo mar ch\u00e9 san am at\u00e1 caite nuair a tugadh pr\u00e1ta\u00ed ar thraein gaile chun iad a lucht\u00fa ar longa iad lena gcur thar s\u00e1ile.<\/p>\n\n<p id=\"u1573-11\">Nuair a bh\u00edonn an l\u00e1ib le feice\u00e1il, is f\u00e9idir l\u00edon m\u00f3r lapair\u00ed a fheice\u00e1il \u00e1 mbeath\u00fa f\u00e9in &#8211; an roilleach, an ghl\u00faineach dhearg, an guilbhneach, an crotach, an chorr r\u00e9isc agus m\u00f3r\u00e1n \u00e9an eile.<\/p>\n\n<p id=\"u1573-14\">Is \u00e1it ar d\u00f3igh \u00ed fosta chun f\u00e9achaint ar \u00e9in thumthacha &#8211; an tumaire, an foitheach agus an l\u00f3ma &#8211; agus is fi\u00fa druidim go ci\u00fain ina dtreo mar gur \u00e1it \u00ed ina bhfeictear splanc gorm an chruid\u00edn go rialta, chomh maith le gliceas ci\u00fain an mhadra uisce.<\/p>\n\n<p id=\"u1573-3\">\u00a0<\/p>\n\n<p id=\"u1573-6\">\u00a0<\/p>\n\n<p id=\"u1573-9\">\u00a0<\/p>\n\n<p id=\"u1573-12\">\u00a0<\/p>\n","protected":false},"excerpt":{"rendered":"<p>Nuair a cuireadh t\u00fas le tionscadal an Mh\u00ednt\u00edrithe thart ar 1850, crutha\u00edodh tr\u00ed chla\u00edfort, Cla\u00edfort Tready, Cla\u00edfort Farland agus Cla\u00edfort na hInse. Crutha\u00edodh cla\u00edfoirt Farland agus na hInse chun na taoid\u00ed a choinne\u00e1il siar, agus t\u00f3gadh Cla\u00edfort Tready ag roinnt an locha agus na feirme. Anseo is f\u00e9idir leat uisc\u00ed taoide Loch S\u00fail\u00ed a fheice\u00e1il&#8230; <\/p>\n","protected":false},"author":6,"featured_media":0,"parent":0,"menu_order":0,"comment_status":"closed","ping_status":"closed","template":"no-sidebar.php","meta":{"footnotes":""},"categories":[],"tags":[],"class_list":["post-1715","page","type-page","status-publish","hentry"],"yoast_head":"<!-- This site is optimized with the Yoast SEO plugin v27.6 - https:\/\/yoast.com\/product\/yoast-seo-wordpress\/ -->\n<title>Carrchl\u00f3s Farland - Anaclann \u00c9anlaithe Fi\u00e1ine na hInse<\/title>\n<meta name=\"robots\" content=\"index, follow, max-snippet:-1, max-image-preview:large, max-video-preview:-1\" \/>\n<link rel=\"canonical\" href=\"https:\/\/www.inchwildfowlreserve.ie\/ga\/carrchlos-farland\/\" \/>\n<meta property=\"og:locale\" content=\"ga_IE\" \/>\n<meta property=\"og:type\" content=\"article\" \/>\n<meta property=\"og:title\" content=\"Carrchl\u00f3s Farland - Anaclann \u00c9anlaithe Fi\u00e1ine na hInse\" \/>\n<meta property=\"og:description\" content=\"Nuair a cuireadh t\u00fas le tionscadal an Mh\u00ednt\u00edrithe thart ar 1850, crutha\u00edodh tr\u00ed chla\u00edfort, Cla\u00edfort Tready, Cla\u00edfort Farland agus Cla\u00edfort na hInse. Crutha\u00edodh cla\u00edfoirt Farland agus na hInse chun na taoid\u00ed a choinne\u00e1il siar, agus t\u00f3gadh Cla\u00edfort Tready ag roinnt an locha agus na feirme. Anseo is f\u00e9idir leat uisc\u00ed taoide Loch S\u00fail\u00ed a fheice\u00e1il...\" \/>\n<meta property=\"og:url\" content=\"https:\/\/www.inchwildfowlreserve.ie\/ga\/carrchlos-farland\/\" \/>\n<meta property=\"og:site_name\" content=\"Anaclann \u00c9anlaithe Fi\u00e1ine na hInse\" \/>\n<meta property=\"article:modified_time\" content=\"2022-07-01T13:52:03+00:00\" \/>\n<meta property=\"og:image\" content=\"https:\/\/www.inchwildfowlreserve.ie\/wp-content\/uploads\/2022\/01\/farland-carpark.jpg\" \/>\n<meta name=\"twitter:card\" content=\"summary_large_image\" \/>\n<meta name=\"twitter:label1\" content=\"Est. reading time\" \/>\n\t<meta name=\"twitter:data1\" content=\"1 minute\" \/>\n<script type=\"application\/ld+json\" class=\"yoast-schema-graph\">{\"@context\":\"https:\\\/\\\/schema.org\",\"@graph\":[{\"@type\":\"WebPage\",\"@id\":\"https:\\\/\\\/www.inchwildfowlreserve.ie\\\/ga\\\/carrchlos-farland\\\/\",\"url\":\"https:\\\/\\\/www.inchwildfowlreserve.ie\\\/ga\\\/carrchlos-farland\\\/\",\"name\":\"Carrchl\u00f3s Farland - Anaclann \u00c9anlaithe Fi\u00e1ine na hInse\",\"isPartOf\":{\"@id\":\"https:\\\/\\\/www.inchwildfowlreserve.ie\\\/ga\\\/#website\"},\"primaryImageOfPage\":{\"@id\":\"https:\\\/\\\/www.inchwildfowlreserve.ie\\\/ga\\\/carrchlos-farland\\\/#primaryimage\"},\"image\":{\"@id\":\"https:\\\/\\\/www.inchwildfowlreserve.ie\\\/ga\\\/carrchlos-farland\\\/#primaryimage\"},\"thumbnailUrl\":\"https:\\\/\\\/www.inchwildfowlreserve.ie\\\/wp-content\\\/uploads\\\/2022\\\/01\\\/farland-carpark.jpg\",\"datePublished\":\"2022-01-13T15:19:37+00:00\",\"dateModified\":\"2022-07-01T13:52:03+00:00\",\"breadcrumb\":{\"@id\":\"https:\\\/\\\/www.inchwildfowlreserve.ie\\\/ga\\\/carrchlos-farland\\\/#breadcrumb\"},\"inLanguage\":\"ga-IE\",\"potentialAction\":[{\"@type\":\"ReadAction\",\"target\":[\"https:\\\/\\\/www.inchwildfowlreserve.ie\\\/ga\\\/carrchlos-farland\\\/\"]}]},{\"@type\":\"ImageObject\",\"inLanguage\":\"ga-IE\",\"@id\":\"https:\\\/\\\/www.inchwildfowlreserve.ie\\\/ga\\\/carrchlos-farland\\\/#primaryimage\",\"url\":\"https:\\\/\\\/www.inchwildfowlreserve.ie\\\/wp-content\\\/uploads\\\/2022\\\/01\\\/farland-carpark.jpg\",\"contentUrl\":\"https:\\\/\\\/www.inchwildfowlreserve.ie\\\/wp-content\\\/uploads\\\/2022\\\/01\\\/farland-carpark.jpg\"},{\"@type\":\"BreadcrumbList\",\"@id\":\"https:\\\/\\\/www.inchwildfowlreserve.ie\\\/ga\\\/carrchlos-farland\\\/#breadcrumb\",\"itemListElement\":[{\"@type\":\"ListItem\",\"position\":1,\"name\":\"Home\",\"item\":\"https:\\\/\\\/www.inchwildfowlreserve.ie\\\/ga\\\/failte\\\/\"},{\"@type\":\"ListItem\",\"position\":2,\"name\":\"Carrchl\u00f3s Farland\"}]},{\"@type\":\"WebSite\",\"@id\":\"https:\\\/\\\/www.inchwildfowlreserve.ie\\\/ga\\\/#website\",\"url\":\"https:\\\/\\\/www.inchwildfowlreserve.ie\\\/ga\\\/\",\"name\":\"Wexford Wildfowl Reserve\",\"description\":\"\",\"publisher\":{\"@id\":\"https:\\\/\\\/www.inchwildfowlreserve.ie\\\/ga\\\/#organization\"},\"potentialAction\":[{\"@type\":\"SearchAction\",\"target\":{\"@type\":\"EntryPoint\",\"urlTemplate\":\"https:\\\/\\\/www.inchwildfowlreserve.ie\\\/ga\\\/?s={search_term_string}\"},\"query-input\":{\"@type\":\"PropertyValueSpecification\",\"valueRequired\":true,\"valueName\":\"search_term_string\"}}],\"inLanguage\":\"ga-IE\"},{\"@type\":\"Organization\",\"@id\":\"https:\\\/\\\/www.inchwildfowlreserve.ie\\\/ga\\\/#organization\",\"name\":\"Wexford Wildfowl Reserve\",\"url\":\"https:\\\/\\\/www.inchwildfowlreserve.ie\\\/ga\\\/\",\"logo\":{\"@type\":\"ImageObject\",\"inLanguage\":\"ga-IE\",\"@id\":\"https:\\\/\\\/www.inchwildfowlreserve.ie\\\/ga\\\/#\\\/schema\\\/logo\\\/image\\\/\",\"url\":\"https:\\\/\\\/www.wexfordwildfowlreserve.ie\\\/wp-content\\\/uploads\\\/2018\\\/10\\\/WWP-sized.png\",\"contentUrl\":\"https:\\\/\\\/www.wexfordwildfowlreserve.ie\\\/wp-content\\\/uploads\\\/2018\\\/10\\\/WWP-sized.png\",\"width\":404,\"height\":100,\"caption\":\"Wexford Wildfowl Reserve\"},\"image\":{\"@id\":\"https:\\\/\\\/www.inchwildfowlreserve.ie\\\/ga\\\/#\\\/schema\\\/logo\\\/image\\\/\"}}]}<\/script>\n<!-- \/ Yoast SEO plugin. -->","yoast_head_json":{"title":"Carrchl\u00f3s Farland - Anaclann \u00c9anlaithe Fi\u00e1ine na hInse","robots":{"index":"index","follow":"follow","max-snippet":"max-snippet:-1","max-image-preview":"max-image-preview:large","max-video-preview":"max-video-preview:-1"},"canonical":"https:\/\/www.inchwildfowlreserve.ie\/ga\/carrchlos-farland\/","og_locale":"ga_IE","og_type":"article","og_title":"Carrchl\u00f3s Farland - Anaclann \u00c9anlaithe Fi\u00e1ine na hInse","og_description":"Nuair a cuireadh t\u00fas le tionscadal an Mh\u00ednt\u00edrithe thart ar 1850, crutha\u00edodh tr\u00ed chla\u00edfort, Cla\u00edfort Tready, Cla\u00edfort Farland agus Cla\u00edfort na hInse. Crutha\u00edodh cla\u00edfoirt Farland agus na hInse chun na taoid\u00ed a choinne\u00e1il siar, agus t\u00f3gadh Cla\u00edfort Tready ag roinnt an locha agus na feirme. Anseo is f\u00e9idir leat uisc\u00ed taoide Loch S\u00fail\u00ed a fheice\u00e1il...","og_url":"https:\/\/www.inchwildfowlreserve.ie\/ga\/carrchlos-farland\/","og_site_name":"Anaclann \u00c9anlaithe Fi\u00e1ine na hInse","article_modified_time":"2022-07-01T13:52:03+00:00","og_image":[{"url":"https:\/\/www.inchwildfowlreserve.ie\/wp-content\/uploads\/2022\/01\/farland-carpark.jpg","type":"","width":"","height":""}],"twitter_card":"summary_large_image","twitter_misc":{"Est. reading time":"1 minute"},"schema":{"@context":"https:\/\/schema.org","@graph":[{"@type":"WebPage","@id":"https:\/\/www.inchwildfowlreserve.ie\/ga\/carrchlos-farland\/","url":"https:\/\/www.inchwildfowlreserve.ie\/ga\/carrchlos-farland\/","name":"Carrchl\u00f3s Farland - Anaclann \u00c9anlaithe Fi\u00e1ine na hInse","isPartOf":{"@id":"https:\/\/www.inchwildfowlreserve.ie\/ga\/#website"},"primaryImageOfPage":{"@id":"https:\/\/www.inchwildfowlreserve.ie\/ga\/carrchlos-farland\/#primaryimage"},"image":{"@id":"https:\/\/www.inchwildfowlreserve.ie\/ga\/carrchlos-farland\/#primaryimage"},"thumbnailUrl":"https:\/\/www.inchwildfowlreserve.ie\/wp-content\/uploads\/2022\/01\/farland-carpark.jpg","datePublished":"2022-01-13T15:19:37+00:00","dateModified":"2022-07-01T13:52:03+00:00","breadcrumb":{"@id":"https:\/\/www.inchwildfowlreserve.ie\/ga\/carrchlos-farland\/#breadcrumb"},"inLanguage":"ga-IE","potentialAction":[{"@type":"ReadAction","target":["https:\/\/www.inchwildfowlreserve.ie\/ga\/carrchlos-farland\/"]}]},{"@type":"ImageObject","inLanguage":"ga-IE","@id":"https:\/\/www.inchwildfowlreserve.ie\/ga\/carrchlos-farland\/#primaryimage","url":"https:\/\/www.inchwildfowlreserve.ie\/wp-content\/uploads\/2022\/01\/farland-carpark.jpg","contentUrl":"https:\/\/www.inchwildfowlreserve.ie\/wp-content\/uploads\/2022\/01\/farland-carpark.jpg"},{"@type":"BreadcrumbList","@id":"https:\/\/www.inchwildfowlreserve.ie\/ga\/carrchlos-farland\/#breadcrumb","itemListElement":[{"@type":"ListItem","position":1,"name":"Home","item":"https:\/\/www.inchwildfowlreserve.ie\/ga\/failte\/"},{"@type":"ListItem","position":2,"name":"Carrchl\u00f3s Farland"}]},{"@type":"WebSite","@id":"https:\/\/www.inchwildfowlreserve.ie\/ga\/#website","url":"https:\/\/www.inchwildfowlreserve.ie\/ga\/","name":"Wexford Wildfowl Reserve","description":"","publisher":{"@id":"https:\/\/www.inchwildfowlreserve.ie\/ga\/#organization"},"potentialAction":[{"@type":"SearchAction","target":{"@type":"EntryPoint","urlTemplate":"https:\/\/www.inchwildfowlreserve.ie\/ga\/?s={search_term_string}"},"query-input":{"@type":"PropertyValueSpecification","valueRequired":true,"valueName":"search_term_string"}}],"inLanguage":"ga-IE"},{"@type":"Organization","@id":"https:\/\/www.inchwildfowlreserve.ie\/ga\/#organization","name":"Wexford Wildfowl Reserve","url":"https:\/\/www.inchwildfowlreserve.ie\/ga\/","logo":{"@type":"ImageObject","inLanguage":"ga-IE","@id":"https:\/\/www.inchwildfowlreserve.ie\/ga\/#\/schema\/logo\/image\/","url":"https:\/\/www.wexfordwildfowlreserve.ie\/wp-content\/uploads\/2018\/10\/WWP-sized.png","contentUrl":"https:\/\/www.wexfordwildfowlreserve.ie\/wp-content\/uploads\/2018\/10\/WWP-sized.png","width":404,"height":100,"caption":"Wexford Wildfowl Reserve"},"image":{"@id":"https:\/\/www.inchwildfowlreserve.ie\/ga\/#\/schema\/logo\/image\/"}}]}},"jetpack_sharing_enabled":true,"_links":{"self":[{"href":"https:\/\/www.inchwildfowlreserve.ie\/ga\/wp-json\/wp\/v2\/pages\/1715","targetHints":{"allow":["GET"]}}],"collection":[{"href":"https:\/\/www.inchwildfowlreserve.ie\/ga\/wp-json\/wp\/v2\/pages"}],"about":[{"href":"https:\/\/www.inchwildfowlreserve.ie\/ga\/wp-json\/wp\/v2\/types\/page"}],"author":[{"embeddable":true,"href":"https:\/\/www.inchwildfowlreserve.ie\/ga\/wp-json\/wp\/v2\/users\/6"}],"replies":[{"embeddable":true,"href":"https:\/\/www.inchwildfowlreserve.ie\/ga\/wp-json\/wp\/v2\/comments?post=1715"}],"version-history":[{"count":2,"href":"https:\/\/www.inchwildfowlreserve.ie\/ga\/wp-json\/wp\/v2\/pages\/1715\/revisions"}],"predecessor-version":[{"id":1760,"href":"https:\/\/www.inchwildfowlreserve.ie\/ga\/wp-json\/wp\/v2\/pages\/1715\/revisions\/1760"}],"wp:attachment":[{"href":"https:\/\/www.inchwildfowlreserve.ie\/ga\/wp-json\/wp\/v2\/media?parent=1715"}],"wp:term":[{"taxonomy":"category","embeddable":true,"href":"https:\/\/www.inchwildfowlreserve.ie\/ga\/wp-json\/wp\/v2\/categories?post=1715"},{"taxonomy":"post_tag","embeddable":true,"href":"https:\/\/www.inchwildfowlreserve.ie\/ga\/wp-json\/wp\/v2\/tags?post=1715"}],"curies":[{"name":"wp","href":"https:\/\/api.w.org\/{rel}","templated":true}]}}